{"id":10667,"date":"2023-05-19T15:27:56","date_gmt":"2023-05-19T13:27:56","guid":{"rendered":"https:\/\/www.facecorner.lv\/?post_type=product&#038;p=10667"},"modified":"2026-03-20T16:06:02","modified_gmt":"2026-03-20T13:06:02","slug":"by-wishtrend-green-tea-enzyme-powder-wash-110g","status":"publish","type":"product","link":"https:\/\/www.facecorner.lv\/en\/shop\/by-wishtrend-green-tea-enzyme-powder-wash-110g\/","title":{"rendered":"By Wishtrend Green Tea &#038; Enzyme Powder Wash 110g"},"content":{"rendered":"<p>Green Tea &amp; Enzyme Powder Wash is a pH balancing, gently exfoliating and moisturizing cleansing powder, which transforms into foam. It helps to improve the skin\u2019s texture and provides sebum control and blackhead care.<\/p>\n<p>Green Tea &amp; Enzyme Powder leaves the skin hydrated and well balanced. It contains:<\/p>\n<p>\u2022 Green Tea, which is a powerful antioxidant rich in vitamins such as Vitamin A, C and E. It has strong anti-inflammatory, calming and moisturising properties.<\/p>\n<p>\u2022 Papain, which eliminates dead skin cells and impurities thanks to which your skin texture improves.<\/p>\n<p>\u2022 Baking Soda is a gentle exfoliator, which guarantees effective deep cleansing and great pore and blackhead care<\/p>\n<p>Suitable for all skin types.<\/p>\n<p><strong>How to use:<\/strong> Pour an appropriate amount of powder into your hand, add a small amount of water and rub to create foam. Gently apply to the face in circular motions to cleanse and exfoliate. Rinse off with lukewarm water.<\/p>\n<p><strong>Ingredientes:<\/strong>Sodium Bicarbonate, Sodium Lauroyl Glutamate, Sodium Cocoyl Isethionate, Zea Mays (Corn) Starch, Camellia Sinensis Leaf Powder, Lysine HCL, Proline, Sodium Ascorbyl Phosphate, Acetyl Methionine, Theanine, Carica Papaya (Papaya) Fruit Extract, Sorbitol, Papain, Betaine, Cellulose Gum, Citric Acid, Sodium Hyaluronate<\/p>","protected":false},"excerpt":{"rendered":"<p>By Wishtrend Green Tea &amp; Enzyme Powder Wash maigi noloba atmiru\u0161o \u0101das sl\u0101ni, no\u0146em atmiru\u0161\u0101s \u0101das \u0161\u016bnas un toniz\u0113. Tam ir nomierino\u0161a iedarb\u012bba, pal\u012bdz c\u012b\u0146\u0101 pret kairin\u0101jumu un pinn\u0113m. Fermenti ies\u016bcas dzi\u013ci \u0101d\u0101, efekt\u012bvi att\u012bra un izvada no por\u0101m visus net\u012brumus. Produktam ir augsta antioksidanta aktivit\u0101te, tas toniz\u0113 un atsvaidzina. R\u016bp\u012bgi, bet maigi att\u012bra \u0101du [&hellip;]<\/p>\n","protected":false},"featured_media":25615,"comment_status":"open","ping_status":"closed","template":"","meta":{"site-sidebar-layout":"default","site-content-layout":"","ast-site-content-layout":"default","site-content-style":"default","site-sidebar-style":"default","ast-global-header-display":"","ast-banner-title-visibility":"","ast-main-header-display":"","ast-hfb-above-header-display":"","ast-hfb-below-header-display":"","ast-hfb-mobile-header-display":"","site-post-title":"","ast-breadcrumbs-content":"","ast-featured-img":"","footer-sml-layout":"","theme-transparent-header-meta":"default","adv-header-id-meta":"","stick-header-meta":"","header-above-stick-meta":"","header-main-stick-meta":"","header-below-stick-meta":"","astra-migrate-meta-layouts":"set","ast-page-background-enabled":"default","ast-page-background-meta":{"desktop":{"background-color":"var(--ast-global-color-4)","background-image":"","background-repeat":"repeat","background-position":"center center","background-size":"auto","background-attachment":"scroll","background-type":"","background-media":"","overlay-type":"","overlay-color":"","overlay-opacity":"","overlay-gradient":""},"tablet":{"background-color":"","background-image":"","background-repeat":"repeat","background-position":"center center","background-size":"auto","background-attachment":"scroll","background-type":"","background-media":"","overlay-type":"","overlay-color":"","overlay-opacity":"","overlay-gradient":""},"mobile":{"background-color":"","background-image":"","background-repeat":"repeat","background-position":"center center","background-size":"auto","background-attachment":"scroll","background-type":"","background-media":"","overlay-type":"","overlay-color":"","overlay-opacity":"","overlay-gradient":""}},"ast-content-background-meta":{"desktop":{"background-color":"var(--ast-global-color-5)","background-image":"","background-repeat":"repeat","background-position":"center center","background-size":"auto","background-attachment":"scroll","background-type":"","background-media":"","overlay-type":"","overlay-color":"","overlay-opacity":"","overlay-gradient":""},"tablet":{"background-color":"var(--ast-global-color-5)","background-image":"","background-repeat":"repeat","background-position":"center center","background-size":"auto","background-attachment":"scroll","background-type":"","background-media":"","overlay-type":"","overlay-color":"","overlay-opacity":"","overlay-gradient":""},"mobile":{"background-color":"var(--ast-global-color-5)","background-image":"","background-repeat":"repeat","background-position":"center center","background-size":"auto","background-attachment":"scroll","background-type":"","background-media":"","overlay-type":"","overlay-color":"","overlay-opacity":"","overlay-gradient":""}}},"product_brand":[],"product_cat":[310,640,311,312,380,328,313,381,317,314],"product_tag":[],"berocket_brand":[603],"class_list":{"0":"post-10667","1":"product","2":"type-product","3":"status-publish","4":"has-post-thumbnail","6":"product_cat-attirisana","7":"product_cat-enzima-puderis","8":"product_cat-jutigai-adai-attirisana","9":"product_cat-kombinetai-adai-attirisana","10":"product_cat-kombinetai-adai","11":"product_cat-pilingi-un-skrubji","12":"product_cat-problematiskai-adai-attirisana","13":"product_cat-problematiskai-un-taukainai-adai","14":"product_cat-sausai-adai-attirisana","15":"product_cat-taukainai-adai-attirisana","16":"berocket_brand-bywishtrend","17":"desktop-align-left","18":"tablet-align-left","19":"mobile-align-left","21":"first","22":"instock","23":"taxable","24":"shipping-taxable","25":"purchasable","26":"product-type-simple","27":"add-to-wishlist-before_image"},"yoast_head":"<!-- This site is optimized with the Yoast SEO plugin v27.3 - https:\/\/yoast.com\/product\/yoast-seo-wordpress\/ -->\n<title>By Wishtrend Green Tea &amp; Enzyme Powder Wash 110g - FACECORNER<\/title>\n<meta name=\"description\" content=\"By Wishtrend Green Tea &amp; Enzyme Powder Wash maigi noloba atmiru\u0161o \u0101das sl\u0101ni, no\u0146em atmiru\u0161\u0101s \u0101das \u0161\u016bnas un toniz\u0113.\" \/>\n<meta name=\"robots\" content=\"index, follow, max-snippet:-1, max-image-preview:large, max-video-preview:-1\" \/>\n<link rel=\"canonical\" href=\"https:\/\/www.facecorner.lv\/en\/shop\/by-wishtrend-green-tea-enzyme-powder-wash-110g\/\" \/>\n<meta property=\"og:locale\" content=\"en_US\" \/>\n<meta property=\"og:type\" content=\"article\" \/>\n<meta property=\"og:title\" content=\"By Wishtrend Green Tea &amp; Enzyme Powder Wash 110g - FACECORNER\" \/>\n<meta property=\"og:description\" content=\"By Wishtrend Green Tea &amp; Enzyme Powder Wash maigi noloba atmiru\u0161o \u0101das sl\u0101ni, no\u0146em atmiru\u0161\u0101s \u0101das \u0161\u016bnas un toniz\u0113.\" \/>\n<meta property=\"og:url\" content=\"https:\/\/www.facecorner.lv\/en\/shop\/by-wishtrend-green-tea-enzyme-powder-wash-110g\/\" \/>\n<meta property=\"og:site_name\" content=\"FACECORNER\" \/>\n<meta property=\"article:publisher\" content=\"https:\/\/www.facebook.com\/profile.php?id=100063824551839\" \/>\n<meta property=\"article:modified_time\" content=\"2026-03-20T13:06:02+00:00\" \/>\n<meta property=\"og:image\" content=\"https:\/\/www.facecorner.lv\/wp-content\/uploads\/2023\/05\/enzimna-pudra-dlja-vmivannja-iz-zelenim-cham-by-wishtrend-green-tea-enzyme-powder-wash-3-1000x1000-1.png\" \/>\n\t<meta property=\"og:image:width\" content=\"1000\" \/>\n\t<meta property=\"og:image:height\" content=\"1000\" \/>\n\t<meta property=\"og:image:type\" content=\"image\/png\" \/>\n<meta name=\"twitter:card\" content=\"summary_large_image\" \/>\n<meta name=\"twitter:label1\" content=\"Price\" \/>\n\t<meta name=\"twitter:data1\" content=\"&euro;31.00\" \/>\n\t<meta name=\"twitter:label2\" content=\"Availability\" \/>\n\t<meta name=\"twitter:data2\" content=\"In stock\" \/>\n<script type=\"application\/ld+json\" class=\"yoast-schema-graph\">{\"@context\":\"https:\\\/\\\/schema.org\",\"@graph\":[{\"@type\":\"WebPage\",\"@id\":\"https:\\\/\\\/www.facecorner.lv\\\/shop\\\/by-wishtrend-green-tea-enzyme-powder-wash-110g\\\/\",\"url\":\"https:\\\/\\\/www.facecorner.lv\\\/shop\\\/by-wishtrend-green-tea-enzyme-powder-wash-110g\\\/\",\"name\":\"By Wishtrend Green Tea & Enzyme Powder Wash 110g - FACECORNER\",\"isPartOf\":{\"@id\":\"https:\\\/\\\/www.facecorner.lv\\\/#website\"},\"primaryImageOfPage\":{\"@id\":\"https:\\\/\\\/www.facecorner.lv\\\/shop\\\/by-wishtrend-green-tea-enzyme-powder-wash-110g\\\/#primaryimage\"},\"image\":{\"@id\":\"https:\\\/\\\/www.facecorner.lv\\\/shop\\\/by-wishtrend-green-tea-enzyme-powder-wash-110g\\\/#primaryimage\"},\"thumbnailUrl\":\"https:\\\/\\\/www.facecorner.lv\\\/wp-content\\\/uploads\\\/2023\\\/05\\\/enzimna-pudra-dlja-vmivannja-iz-zelenim-cham-by-wishtrend-green-tea-enzyme-powder-wash-3-1000x1000-1.png\",\"datePublished\":\"2023-05-19T13:27:56+00:00\",\"dateModified\":\"2026-03-20T13:06:02+00:00\",\"description\":\"By Wishtrend Green Tea & Enzyme Powder Wash maigi noloba atmiru\u0161o \u0101das sl\u0101ni, no\u0146em atmiru\u0161\u0101s \u0101das \u0161\u016bnas un toniz\u0113.\",\"breadcrumb\":{\"@id\":\"https:\\\/\\\/www.facecorner.lv\\\/shop\\\/by-wishtrend-green-tea-enzyme-powder-wash-110g\\\/#breadcrumb\"},\"inLanguage\":\"en-US\",\"potentialAction\":[{\"@type\":\"ReadAction\",\"target\":[\"https:\\\/\\\/www.facecorner.lv\\\/shop\\\/by-wishtrend-green-tea-enzyme-powder-wash-110g\\\/\"]}]},{\"@type\":\"ImageObject\",\"inLanguage\":\"en-US\",\"@id\":\"https:\\\/\\\/www.facecorner.lv\\\/shop\\\/by-wishtrend-green-tea-enzyme-powder-wash-110g\\\/#primaryimage\",\"url\":\"https:\\\/\\\/www.facecorner.lv\\\/wp-content\\\/uploads\\\/2023\\\/05\\\/enzimna-pudra-dlja-vmivannja-iz-zelenim-cham-by-wishtrend-green-tea-enzyme-powder-wash-3-1000x1000-1.png\",\"contentUrl\":\"https:\\\/\\\/www.facecorner.lv\\\/wp-content\\\/uploads\\\/2023\\\/05\\\/enzimna-pudra-dlja-vmivannja-iz-zelenim-cham-by-wishtrend-green-tea-enzyme-powder-wash-3-1000x1000-1.png\",\"width\":1000,\"height\":1000,\"caption\":\"By Wishtrend Green Tea & Enzyme Powder Wash 110g\"},{\"@type\":\"BreadcrumbList\",\"@id\":\"https:\\\/\\\/www.facecorner.lv\\\/shop\\\/by-wishtrend-green-tea-enzyme-powder-wash-110g\\\/#breadcrumb\",\"itemListElement\":[{\"@type\":\"ListItem\",\"position\":1,\"name\":\"Home\",\"item\":\"https:\\\/\\\/www.facecorner.lv\\\/\"},{\"@type\":\"ListItem\",\"position\":2,\"name\":\"Veikals\",\"item\":\"https:\\\/\\\/www.facecorner.lv\\\/shop\\\/\"},{\"@type\":\"ListItem\",\"position\":3,\"name\":\"By Wishtrend Green Tea &#038; Enzyme Powder Wash 110g\"}]},{\"@type\":\"WebSite\",\"@id\":\"https:\\\/\\\/www.facecorner.lv\\\/#website\",\"url\":\"https:\\\/\\\/www.facecorner.lv\\\/\",\"name\":\"Facecorner\",\"description\":\"\",\"publisher\":{\"@id\":\"https:\\\/\\\/www.facecorner.lv\\\/#organization\"},\"potentialAction\":[{\"@type\":\"SearchAction\",\"target\":{\"@type\":\"EntryPoint\",\"urlTemplate\":\"https:\\\/\\\/www.facecorner.lv\\\/?s={search_term_string}\"},\"query-input\":{\"@type\":\"PropertyValueSpecification\",\"valueRequired\":true,\"valueName\":\"search_term_string\"}}],\"inLanguage\":\"en-US\"},{\"@type\":\"Organization\",\"@id\":\"https:\\\/\\\/www.facecorner.lv\\\/#organization\",\"name\":\"Facecorner\",\"url\":\"https:\\\/\\\/www.facecorner.lv\\\/\",\"logo\":{\"@type\":\"ImageObject\",\"inLanguage\":\"en-US\",\"@id\":\"https:\\\/\\\/www.facecorner.lv\\\/#\\\/schema\\\/logo\\\/image\\\/\",\"url\":\"https:\\\/\\\/www.facecorner.lv\\\/wp-content\\\/uploads\\\/2024\\\/04\\\/fc-logo.jpg\",\"contentUrl\":\"https:\\\/\\\/www.facecorner.lv\\\/wp-content\\\/uploads\\\/2024\\\/04\\\/fc-logo.jpg\",\"width\":174,\"height\":28,\"caption\":\"Facecorner\"},\"image\":{\"@id\":\"https:\\\/\\\/www.facecorner.lv\\\/#\\\/schema\\\/logo\\\/image\\\/\"},\"sameAs\":[\"https:\\\/\\\/www.facebook.com\\\/profile.php?id=100063824551839\",\"https:\\\/\\\/www.instagram.com\\\/facecorner_shop\\\/\"]}]}<\/script>\n<meta property=\"product:price:amount\" content=\"31.00\" \/>\n<meta property=\"product:price:currency\" content=\"EUR\" \/>\n<meta property=\"og:availability\" content=\"instock\" \/>\n<meta property=\"product:availability\" content=\"instock\" \/>\n<meta property=\"product:condition\" content=\"new\" \/>\n<!-- \/ Yoast SEO plugin. -->","yoast_head_json":{"title":"By Wishtrend Green Tea & Enzyme Powder Wash 110g - FACECORNER","description":"By Wishtrend Green Tea & Enzyme Powder Wash maigi noloba atmiru\u0161o \u0101das sl\u0101ni, no\u0146em atmiru\u0161\u0101s \u0101das \u0161\u016bnas un toniz\u0113.","robots":{"index":"index","follow":"follow","max-snippet":"max-snippet:-1","max-image-preview":"max-image-preview:large","max-video-preview":"max-video-preview:-1"},"canonical":"https:\/\/www.facecorner.lv\/en\/shop\/by-wishtrend-green-tea-enzyme-powder-wash-110g\/","og_locale":"en_US","og_type":"article","og_title":"By Wishtrend Green Tea & Enzyme Powder Wash 110g - FACECORNER","og_description":"By Wishtrend Green Tea & Enzyme Powder Wash maigi noloba atmiru\u0161o \u0101das sl\u0101ni, no\u0146em atmiru\u0161\u0101s \u0101das \u0161\u016bnas un toniz\u0113.","og_url":"https:\/\/www.facecorner.lv\/en\/shop\/by-wishtrend-green-tea-enzyme-powder-wash-110g\/","og_site_name":"FACECORNER","article_publisher":"https:\/\/www.facebook.com\/profile.php?id=100063824551839","article_modified_time":"2026-03-20T13:06:02+00:00","og_image":[{"width":1000,"height":1000,"url":"https:\/\/www.facecorner.lv\/wp-content\/uploads\/2023\/05\/enzimna-pudra-dlja-vmivannja-iz-zelenim-cham-by-wishtrend-green-tea-enzyme-powder-wash-3-1000x1000-1.png","type":"image\/png"}],"twitter_card":"summary_large_image","twitter_misc":{"Price":"&euro;31.00","Availability":"In stock"},"schema":{"@context":"https:\/\/schema.org","@graph":[{"@type":"WebPage","@id":"https:\/\/www.facecorner.lv\/shop\/by-wishtrend-green-tea-enzyme-powder-wash-110g\/","url":"https:\/\/www.facecorner.lv\/shop\/by-wishtrend-green-tea-enzyme-powder-wash-110g\/","name":"By Wishtrend Green Tea & Enzyme Powder Wash 110g - FACECORNER","isPartOf":{"@id":"https:\/\/www.facecorner.lv\/#website"},"primaryImageOfPage":{"@id":"https:\/\/www.facecorner.lv\/shop\/by-wishtrend-green-tea-enzyme-powder-wash-110g\/#primaryimage"},"image":{"@id":"https:\/\/www.facecorner.lv\/shop\/by-wishtrend-green-tea-enzyme-powder-wash-110g\/#primaryimage"},"thumbnailUrl":"https:\/\/www.facecorner.lv\/wp-content\/uploads\/2023\/05\/enzimna-pudra-dlja-vmivannja-iz-zelenim-cham-by-wishtrend-green-tea-enzyme-powder-wash-3-1000x1000-1.png","datePublished":"2023-05-19T13:27:56+00:00","dateModified":"2026-03-20T13:06:02+00:00","description":"By Wishtrend Green Tea & Enzyme Powder Wash maigi noloba atmiru\u0161o \u0101das sl\u0101ni, no\u0146em atmiru\u0161\u0101s \u0101das \u0161\u016bnas un toniz\u0113.","breadcrumb":{"@id":"https:\/\/www.facecorner.lv\/shop\/by-wishtrend-green-tea-enzyme-powder-wash-110g\/#breadcrumb"},"inLanguage":"en-US","potentialAction":[{"@type":"ReadAction","target":["https:\/\/www.facecorner.lv\/shop\/by-wishtrend-green-tea-enzyme-powder-wash-110g\/"]}]},{"@type":"ImageObject","inLanguage":"en-US","@id":"https:\/\/www.facecorner.lv\/shop\/by-wishtrend-green-tea-enzyme-powder-wash-110g\/#primaryimage","url":"https:\/\/www.facecorner.lv\/wp-content\/uploads\/2023\/05\/enzimna-pudra-dlja-vmivannja-iz-zelenim-cham-by-wishtrend-green-tea-enzyme-powder-wash-3-1000x1000-1.png","contentUrl":"https:\/\/www.facecorner.lv\/wp-content\/uploads\/2023\/05\/enzimna-pudra-dlja-vmivannja-iz-zelenim-cham-by-wishtrend-green-tea-enzyme-powder-wash-3-1000x1000-1.png","width":1000,"height":1000,"caption":"By Wishtrend Green Tea & Enzyme Powder Wash 110g"},{"@type":"BreadcrumbList","@id":"https:\/\/www.facecorner.lv\/shop\/by-wishtrend-green-tea-enzyme-powder-wash-110g\/#breadcrumb","itemListElement":[{"@type":"ListItem","position":1,"name":"Home","item":"https:\/\/www.facecorner.lv\/"},{"@type":"ListItem","position":2,"name":"Veikals","item":"https:\/\/www.facecorner.lv\/shop\/"},{"@type":"ListItem","position":3,"name":"By Wishtrend Green Tea &#038; Enzyme Powder Wash 110g"}]},{"@type":"WebSite","@id":"https:\/\/www.facecorner.lv\/#website","url":"https:\/\/www.facecorner.lv\/","name":"Facecorner","description":"","publisher":{"@id":"https:\/\/www.facecorner.lv\/#organization"},"potentialAction":[{"@type":"SearchAction","target":{"@type":"EntryPoint","urlTemplate":"https:\/\/www.facecorner.lv\/?s={search_term_string}"},"query-input":{"@type":"PropertyValueSpecification","valueRequired":true,"valueName":"search_term_string"}}],"inLanguage":"en-US"},{"@type":"Organization","@id":"https:\/\/www.facecorner.lv\/#organization","name":"Facecorner","url":"https:\/\/www.facecorner.lv\/","logo":{"@type":"ImageObject","inLanguage":"en-US","@id":"https:\/\/www.facecorner.lv\/#\/schema\/logo\/image\/","url":"https:\/\/www.facecorner.lv\/wp-content\/uploads\/2024\/04\/fc-logo.jpg","contentUrl":"https:\/\/www.facecorner.lv\/wp-content\/uploads\/2024\/04\/fc-logo.jpg","width":174,"height":28,"caption":"Facecorner"},"image":{"@id":"https:\/\/www.facecorner.lv\/#\/schema\/logo\/image\/"},"sameAs":["https:\/\/www.facebook.com\/profile.php?id=100063824551839","https:\/\/www.instagram.com\/facecorner_shop\/"]}]},"product_price_amount":"31.00","product_price_currency":"EUR","og_availability":"instock","product_availability":"instock","product_condition":"new"},"_links":{"self":[{"href":"https:\/\/www.facecorner.lv\/en\/wp-json\/wp\/v2\/product\/10667","targetHints":{"allow":["GET"]}}],"collection":[{"href":"https:\/\/www.facecorner.lv\/en\/wp-json\/wp\/v2\/product"}],"about":[{"href":"https:\/\/www.facecorner.lv\/en\/wp-json\/wp\/v2\/types\/product"}],"replies":[{"embeddable":true,"href":"https:\/\/www.facecorner.lv\/en\/wp-json\/wp\/v2\/comments?post=10667"}],"wp:featuredmedia":[{"embeddable":true,"href":"https:\/\/www.facecorner.lv\/en\/wp-json\/wp\/v2\/media\/25615"}],"wp:attachment":[{"href":"https:\/\/www.facecorner.lv\/en\/wp-json\/wp\/v2\/media?parent=10667"}],"wp:term":[{"taxonomy":"product_brand","embeddable":true,"href":"https:\/\/www.facecorner.lv\/en\/wp-json\/wp\/v2\/product_brand?post=10667"},{"taxonomy":"product_cat","embeddable":true,"href":"https:\/\/www.facecorner.lv\/en\/wp-json\/wp\/v2\/product_cat?post=10667"},{"taxonomy":"product_tag","embeddable":true,"href":"https:\/\/www.facecorner.lv\/en\/wp-json\/wp\/v2\/product_tag?post=10667"},{"taxonomy":"berocket_brand","embeddable":true,"href":"https:\/\/www.facecorner.lv\/en\/wp-json\/wp\/v2\/berocket_brand?post=10667"}],"curies":[{"name":"wp","href":"https:\/\/api.w.org\/{rel}","templated":true}]}}