{"id":10577,"date":"2023-05-16T09:40:19","date_gmt":"2023-05-16T07:40:19","guid":{"rendered":"https:\/\/www.facecorner.lv\/?post_type=product&#038;p=10577"},"modified":"2023-11-24T14:24:24","modified_gmt":"2023-11-24T12:24:24","slug":"holika-holika-aloe-soothing-essence-waterproof-sun-cream-spf50-pa-70ml","status":"publish","type":"product","link":"https:\/\/www.facecorner.lv\/en\/shop\/holika-holika-aloe-soothing-essence-waterproof-sun-cream-spf50-pa-70ml\/","title":{"rendered":"HOLIKA HOLIKA ALOE SOOTHING ESSENCE WATERPROOF SUN CREAM SPF50+\/PA+++ 70ml"},"content":{"rendered":"<p>Mitrino\u0161s saules aizsargkr\u0113ms ar alvejas ekstraktu ar \u016bdensiztur\u012bgu formulu nodro\u0161ina dro\u0161u \u0101das aizsardz\u012bbu pret UV starojumu. Efekt\u012bvi blo\u0137\u0113 gan UVA, gan UVB starus, nov\u0113r\u0161ot saules apdegumus un samazinot \u0101das slim\u012bbu iesp\u0113jam\u012bbu, ko izraisa agres\u012bva UV iedarb\u012bba. Ir saules aizsardz\u012bbas faktors SPF50+\/PA++++.<\/p>\n<p>Nov\u0113r\u0161 taukaina sp\u012bduma par\u0101d\u012b\u0161anos, kontrol\u0113 tauku dziedzeru darb\u012bbu. Saglab\u0101 un uztur \u0101das to\u0146a t\u012br\u012bbu. Pie\u0161\u0137ir svaigumu un komforta saj\u016btu karst\u0101 dien\u0101, mitrina, atsvaidzina un nomierina.Alvejas ekstrakts nodro\u0161ina daudzl\u012bme\u0146u \u0101das aizsardz\u012bbu \u2013 mitrina to un pal\u012bdz tai saglab\u0101t mitrumu, mazina iekaisumus. Efekt\u012bva pret pinn\u0113m, jo \u200b\u200bnomierina kairin\u0101tu \u0101du. Ar\u012b alvejas ekstrakts var pal\u012bdz\u0113t pa\u0101trin\u0101t br\u016b\u010du, apdegumu un citu \u0101das boj\u0101jumu dz\u012b\u0161anu. Turkl\u0101t \u0161is ekstrakts satur antioksidantus, kas var pal\u012bdz\u0113t nov\u0113rst priek\u0161laic\u012bgu noveco\u0161anos un samazin\u0101t smalko l\u012bniju un grumbu par\u0101d\u012b\u0161anos.<\/p>\n<p>Saules aizsargkr\u0113ms ir piem\u0113rots visiem \u0101das tipiem, un to var lietot uz sejas un \u0137erme\u0146a.<\/p>\n<p>Pielietojums:Uzkl\u0101jiet uz sejas un \u0137erme\u0146a 15-20 min\u016btes pirms saules iedarb\u012bbas.<\/p>\n<p>S\u0101stvas:Water, Dibutyl Adipate, Propanediol, Diethylamino Hydroxybenzoyl Hexyl Benzoate, Polymethylsilsesquioxane, Ethylhexyl Triazone, Niacinamide, Methylene Bis-Benzotriazolyl Tetramethylbutylphenol, Coco-Caprylate\/Caprate, Caprylyl Methicone, Diethylhexyl Butamido Triazone, Glycerin, Butylene Glycol, 1,2-Hexanediol, Pentylene Glycol, Behenyl Alcohol, Poly C10-30 Alkyl Acrylate, Polyglyceryl-3 Methylglucose Distearate, Decyl Glucoside, Tromethamine, Carbomer, Acrylates\/C10-30 Alkyl Acrylate Crosspolymer, Fragrance, Sodium Stearoyl Glutamate, Polyacrylate Crosspolymer-6, Ethylhexylglycerin, Adenosine, Xanthan Gum, t-Butyl Alcohol, Tocopherol (Vitamin E), Hippophae Rhamnoides Fruit Extract, Ascorbic Acid (Vitamin C), Daucus Carota Sativa (Carrot) Root Extract, Rosa Canina Fruit Extract, Pyrus Malus (Apple) Fruit Extract, Prunus Armeniaca (Apricot) Juice, Moringa Oleifera Seed Oil, Ceramide, Phytosphingosine, Aloe Ferox Leaf Extract, Hydrogenated Lecithin, Artemisia Capillaris Extract<\/p>","protected":false},"excerpt":{"rendered":"<p>Mitrino\u0161s saules aizsargkr\u0113ms ar alvejas ekstraktu ar \u016bdensiztur\u012bgu formulu nodro\u0161ina dro\u0161u \u0101das aizsardz\u012bbu pret UV starojumu. Efekt\u012bvi blo\u0137\u0113 gan UVA, gan UVB starus, nov\u0113r\u0161ot saules apdegumus un samazinot \u0101das slim\u012bbu iesp\u0113jam\u012bbu, ko izraisa agres\u012bva UV iedarb\u012bba. Ir saules aizsardz\u012bbas faktors SPF50+\/PA++++. Nov\u0113r\u0161 taukaina sp\u012bduma par\u0101d\u012b\u0161anos, kontrol\u0113 tauku dziedzeru darb\u012bbu. Saglab\u0101 un uztur \u0101das to\u0146a t\u012br\u012bbu. [&hellip;]<\/p>\n","protected":false},"featured_media":10578,"comment_status":"open","ping_status":"closed","template":"","meta":{"site-sidebar-layout":"default","site-content-layout":"","ast-site-content-layout":"","site-content-style":"default","site-sidebar-style":"default","ast-global-header-display":"","ast-banner-title-visibility":"","ast-main-header-display":"","ast-hfb-above-header-display":"","ast-hfb-below-header-display":"","ast-hfb-mobile-header-display":"","site-post-title":"","ast-breadcrumbs-content":"","ast-featured-img":"","footer-sml-layout":"","theme-transparent-header-meta":"","adv-header-id-meta":"","stick-header-meta":"","header-above-stick-meta":"","header-main-stick-meta":"","header-below-stick-meta":"","astra-migrate-meta-layouts":"default","ast-page-background-enabled":"default","ast-page-background-meta":{"desktop":{"background-color":"var(--ast-global-color-4)","background-image":"","background-repeat":"repeat","background-position":"center center","background-size":"auto","background-attachment":"scroll","background-type":"","background-media":"","overlay-type":"","overlay-color":"","overlay-opacity":"","overlay-gradient":""},"tablet":{"background-color":"","background-image":"","background-repeat":"repeat","background-position":"center center","background-size":"auto","background-attachment":"scroll","background-type":"","background-media":"","overlay-type":"","overlay-color":"","overlay-opacity":"","overlay-gradient":""},"mobile":{"background-color":"","background-image":"","background-repeat":"repeat","background-position":"center center","background-size":"auto","background-attachment":"scroll","background-type":"","background-media":"","overlay-type":"","overlay-color":"","overlay-opacity":"","overlay-gradient":""}},"ast-content-background-meta":{"desktop":{"background-color":"var(--ast-global-color-5)","background-image":"","background-repeat":"repeat","background-position":"center center","background-size":"auto","background-attachment":"scroll","background-type":"","background-media":"","overlay-type":"","overlay-color":"","overlay-opacity":"","overlay-gradient":""},"tablet":{"background-color":"var(--ast-global-color-5)","background-image":"","background-repeat":"repeat","background-position":"center center","background-size":"auto","background-attachment":"scroll","background-type":"","background-media":"","overlay-type":"","overlay-color":"","overlay-opacity":"","overlay-gradient":""},"mobile":{"background-color":"var(--ast-global-color-5)","background-image":"","background-repeat":"repeat","background-position":"center center","background-size":"auto","background-attachment":"scroll","background-type":"","background-media":"","overlay-type":"","overlay-color":"","overlay-opacity":"","overlay-gradient":""}}},"product_brand":[],"product_cat":[380,381,360,362],"product_tag":[],"berocket_brand":[],"class_list":{"0":"post-10577","1":"product","2":"type-product","3":"status-publish","4":"has-post-thumbnail","6":"product_cat-kombinetai-adai","7":"product_cat-problematiskai-un-taukainai-adai","8":"product_cat-saules-aizsarglidzekli","9":"product_cat-sejas-krems","10":"desktop-align-left","11":"tablet-align-left","12":"mobile-align-left","14":"first","15":"outofstock","16":"taxable","17":"shipping-taxable","18":"purchasable","19":"product-type-simple","20":"add-to-wishlist-before_image"},"yoast_head":"<!-- This site is optimized with the Yoast SEO plugin v27.4 - https:\/\/yoast.com\/product\/yoast-seo-wordpress\/ -->\n<title>HOLIKA HOLIKA ALOE SOOTHING ESSENCE WATERPROOF SUN CREAM SPF50+\/PA+++ 70ml - FACECORNER<\/title>\n<meta name=\"robots\" content=\"index, follow, max-snippet:-1, max-image-preview:large, max-video-preview:-1\" \/>\n<link rel=\"canonical\" href=\"https:\/\/www.facecorner.lv\/en\/shop\/holika-holika-aloe-soothing-essence-waterproof-sun-cream-spf50-pa-70ml\/\" \/>\n<meta property=\"og:locale\" content=\"en_US\" \/>\n<meta property=\"og:type\" content=\"article\" \/>\n<meta property=\"og:title\" content=\"HOLIKA HOLIKA ALOE SOOTHING ESSENCE WATERPROOF SUN CREAM SPF50+\/PA+++ 70ml - FACECORNER\" \/>\n<meta property=\"og:description\" content=\"Mitrino\u0161s saules aizsargkr\u0113ms ar alvejas ekstraktu ar \u016bdensiztur\u012bgu formulu nodro\u0161ina dro\u0161u \u0101das aizsardz\u012bbu pret UV starojumu. Efekt\u012bvi blo\u0137\u0113 gan UVA, gan UVB starus, nov\u0113r\u0161ot saules apdegumus un samazinot \u0101das slim\u012bbu iesp\u0113jam\u012bbu, ko izraisa agres\u012bva UV iedarb\u012bba. Ir saules aizsardz\u012bbas faktors SPF50+\/PA++++. Nov\u0113r\u0161 taukaina sp\u012bduma par\u0101d\u012b\u0161anos, kontrol\u0113 tauku dziedzeru darb\u012bbu. Saglab\u0101 un uztur \u0101das to\u0146a t\u012br\u012bbu. [&hellip;]\" \/>\n<meta property=\"og:url\" content=\"https:\/\/www.facecorner.lv\/en\/shop\/holika-holika-aloe-soothing-essence-waterproof-sun-cream-spf50-pa-70ml\/\" \/>\n<meta property=\"og:site_name\" content=\"FACECORNER\" \/>\n<meta property=\"article:publisher\" content=\"https:\/\/www.facebook.com\/profile.php?id=100063824551839\" \/>\n<meta property=\"article:modified_time\" content=\"2023-11-24T12:24:24+00:00\" \/>\n<meta property=\"og:image\" content=\"https:\/\/www.facecorner.lv\/wp-content\/uploads\/2023\/05\/s-l1600.jpg\" \/>\n\t<meta property=\"og:image:width\" content=\"1000\" \/>\n\t<meta property=\"og:image:height\" content=\"1000\" \/>\n\t<meta property=\"og:image:type\" content=\"image\/jpeg\" \/>\n<meta name=\"twitter:card\" content=\"summary_large_image\" \/>\n<meta name=\"twitter:label1\" content=\"Price\" \/>\n\t<meta name=\"twitter:data1\" content=\"&euro;18.50\" \/>\n\t<meta name=\"twitter:label2\" content=\"Availability\" \/>\n\t<meta name=\"twitter:data2\" content=\"Out of stock\" \/>\n<script type=\"application\/ld+json\" class=\"yoast-schema-graph\">{\"@context\":\"https:\\\/\\\/schema.org\",\"@graph\":[{\"@type\":\"WebPage\",\"@id\":\"https:\\\/\\\/www.facecorner.lv\\\/shop\\\/holika-holika-aloe-soothing-essence-waterproof-sun-cream-spf50-pa-70ml\\\/\",\"url\":\"https:\\\/\\\/www.facecorner.lv\\\/shop\\\/holika-holika-aloe-soothing-essence-waterproof-sun-cream-spf50-pa-70ml\\\/\",\"name\":\"HOLIKA HOLIKA ALOE SOOTHING ESSENCE WATERPROOF SUN CREAM SPF50+\\\/PA+++ 70ml - FACECORNER\",\"isPartOf\":{\"@id\":\"https:\\\/\\\/www.facecorner.lv\\\/#website\"},\"primaryImageOfPage\":{\"@id\":\"https:\\\/\\\/www.facecorner.lv\\\/shop\\\/holika-holika-aloe-soothing-essence-waterproof-sun-cream-spf50-pa-70ml\\\/#primaryimage\"},\"image\":{\"@id\":\"https:\\\/\\\/www.facecorner.lv\\\/shop\\\/holika-holika-aloe-soothing-essence-waterproof-sun-cream-spf50-pa-70ml\\\/#primaryimage\"},\"thumbnailUrl\":\"https:\\\/\\\/www.facecorner.lv\\\/wp-content\\\/uploads\\\/2023\\\/05\\\/s-l1600.jpg\",\"datePublished\":\"2023-05-16T07:40:19+00:00\",\"dateModified\":\"2023-11-24T12:24:24+00:00\",\"breadcrumb\":{\"@id\":\"https:\\\/\\\/www.facecorner.lv\\\/shop\\\/holika-holika-aloe-soothing-essence-waterproof-sun-cream-spf50-pa-70ml\\\/#breadcrumb\"},\"inLanguage\":\"en-US\",\"potentialAction\":[{\"@type\":\"ReadAction\",\"target\":[\"https:\\\/\\\/www.facecorner.lv\\\/shop\\\/holika-holika-aloe-soothing-essence-waterproof-sun-cream-spf50-pa-70ml\\\/\"]}]},{\"@type\":\"ImageObject\",\"inLanguage\":\"en-US\",\"@id\":\"https:\\\/\\\/www.facecorner.lv\\\/shop\\\/holika-holika-aloe-soothing-essence-waterproof-sun-cream-spf50-pa-70ml\\\/#primaryimage\",\"url\":\"https:\\\/\\\/www.facecorner.lv\\\/wp-content\\\/uploads\\\/2023\\\/05\\\/s-l1600.jpg\",\"contentUrl\":\"https:\\\/\\\/www.facecorner.lv\\\/wp-content\\\/uploads\\\/2023\\\/05\\\/s-l1600.jpg\",\"width\":1000,\"height\":1000},{\"@type\":\"BreadcrumbList\",\"@id\":\"https:\\\/\\\/www.facecorner.lv\\\/shop\\\/holika-holika-aloe-soothing-essence-waterproof-sun-cream-spf50-pa-70ml\\\/#breadcrumb\",\"itemListElement\":[{\"@type\":\"ListItem\",\"position\":1,\"name\":\"Home\",\"item\":\"https:\\\/\\\/www.facecorner.lv\\\/\"},{\"@type\":\"ListItem\",\"position\":2,\"name\":\"Veikals\",\"item\":\"https:\\\/\\\/www.facecorner.lv\\\/shop\\\/\"},{\"@type\":\"ListItem\",\"position\":3,\"name\":\"HOLIKA HOLIKA ALOE SOOTHING ESSENCE WATERPROOF SUN CREAM SPF50+\\\/PA+++ 70ml\"}]},{\"@type\":\"WebSite\",\"@id\":\"https:\\\/\\\/www.facecorner.lv\\\/#website\",\"url\":\"https:\\\/\\\/www.facecorner.lv\\\/\",\"name\":\"Facecorner\",\"description\":\"\",\"publisher\":{\"@id\":\"https:\\\/\\\/www.facecorner.lv\\\/#organization\"},\"potentialAction\":[{\"@type\":\"SearchAction\",\"target\":{\"@type\":\"EntryPoint\",\"urlTemplate\":\"https:\\\/\\\/www.facecorner.lv\\\/?s={search_term_string}\"},\"query-input\":{\"@type\":\"PropertyValueSpecification\",\"valueRequired\":true,\"valueName\":\"search_term_string\"}}],\"inLanguage\":\"en-US\"},{\"@type\":\"Organization\",\"@id\":\"https:\\\/\\\/www.facecorner.lv\\\/#organization\",\"name\":\"Facecorner\",\"url\":\"https:\\\/\\\/www.facecorner.lv\\\/\",\"logo\":{\"@type\":\"ImageObject\",\"inLanguage\":\"en-US\",\"@id\":\"https:\\\/\\\/www.facecorner.lv\\\/#\\\/schema\\\/logo\\\/image\\\/\",\"url\":\"https:\\\/\\\/www.facecorner.lv\\\/wp-content\\\/uploads\\\/2024\\\/04\\\/fc-logo.jpg\",\"contentUrl\":\"https:\\\/\\\/www.facecorner.lv\\\/wp-content\\\/uploads\\\/2024\\\/04\\\/fc-logo.jpg\",\"width\":174,\"height\":28,\"caption\":\"Facecorner\"},\"image\":{\"@id\":\"https:\\\/\\\/www.facecorner.lv\\\/#\\\/schema\\\/logo\\\/image\\\/\"},\"sameAs\":[\"https:\\\/\\\/www.facebook.com\\\/profile.php?id=100063824551839\",\"https:\\\/\\\/www.instagram.com\\\/facecorner_shop\\\/\"]}]}<\/script>\n<meta property=\"product:price:amount\" content=\"18.50\" \/>\n<meta property=\"product:price:currency\" content=\"EUR\" \/>\n<meta property=\"og:availability\" content=\"out of stock\" \/>\n<meta property=\"product:availability\" content=\"out of stock\" \/>\n<meta property=\"product:condition\" content=\"new\" \/>\n<!-- \/ Yoast SEO plugin. -->","yoast_head_json":{"title":"HOLIKA HOLIKA ALOE SOOTHING ESSENCE WATERPROOF SUN CREAM SPF50+\/PA+++ 70ml - FACECORNER","robots":{"index":"index","follow":"follow","max-snippet":"max-snippet:-1","max-image-preview":"max-image-preview:large","max-video-preview":"max-video-preview:-1"},"canonical":"https:\/\/www.facecorner.lv\/en\/shop\/holika-holika-aloe-soothing-essence-waterproof-sun-cream-spf50-pa-70ml\/","og_locale":"en_US","og_type":"article","og_title":"HOLIKA HOLIKA ALOE SOOTHING ESSENCE WATERPROOF SUN CREAM SPF50+\/PA+++ 70ml - FACECORNER","og_description":"Mitrino\u0161s saules aizsargkr\u0113ms ar alvejas ekstraktu ar \u016bdensiztur\u012bgu formulu nodro\u0161ina dro\u0161u \u0101das aizsardz\u012bbu pret UV starojumu. Efekt\u012bvi blo\u0137\u0113 gan UVA, gan UVB starus, nov\u0113r\u0161ot saules apdegumus un samazinot \u0101das slim\u012bbu iesp\u0113jam\u012bbu, ko izraisa agres\u012bva UV iedarb\u012bba. Ir saules aizsardz\u012bbas faktors SPF50+\/PA++++. Nov\u0113r\u0161 taukaina sp\u012bduma par\u0101d\u012b\u0161anos, kontrol\u0113 tauku dziedzeru darb\u012bbu. Saglab\u0101 un uztur \u0101das to\u0146a t\u012br\u012bbu. [&hellip;]","og_url":"https:\/\/www.facecorner.lv\/en\/shop\/holika-holika-aloe-soothing-essence-waterproof-sun-cream-spf50-pa-70ml\/","og_site_name":"FACECORNER","article_publisher":"https:\/\/www.facebook.com\/profile.php?id=100063824551839","article_modified_time":"2023-11-24T12:24:24+00:00","og_image":[{"width":1000,"height":1000,"url":"https:\/\/www.facecorner.lv\/wp-content\/uploads\/2023\/05\/s-l1600.jpg","type":"image\/jpeg"}],"twitter_card":"summary_large_image","twitter_misc":{"Price":"&euro;18.50","Availability":"Out of stock"},"schema":{"@context":"https:\/\/schema.org","@graph":[{"@type":"WebPage","@id":"https:\/\/www.facecorner.lv\/shop\/holika-holika-aloe-soothing-essence-waterproof-sun-cream-spf50-pa-70ml\/","url":"https:\/\/www.facecorner.lv\/shop\/holika-holika-aloe-soothing-essence-waterproof-sun-cream-spf50-pa-70ml\/","name":"HOLIKA HOLIKA ALOE SOOTHING ESSENCE WATERPROOF SUN CREAM SPF50+\/PA+++ 70ml - FACECORNER","isPartOf":{"@id":"https:\/\/www.facecorner.lv\/#website"},"primaryImageOfPage":{"@id":"https:\/\/www.facecorner.lv\/shop\/holika-holika-aloe-soothing-essence-waterproof-sun-cream-spf50-pa-70ml\/#primaryimage"},"image":{"@id":"https:\/\/www.facecorner.lv\/shop\/holika-holika-aloe-soothing-essence-waterproof-sun-cream-spf50-pa-70ml\/#primaryimage"},"thumbnailUrl":"https:\/\/www.facecorner.lv\/wp-content\/uploads\/2023\/05\/s-l1600.jpg","datePublished":"2023-05-16T07:40:19+00:00","dateModified":"2023-11-24T12:24:24+00:00","breadcrumb":{"@id":"https:\/\/www.facecorner.lv\/shop\/holika-holika-aloe-soothing-essence-waterproof-sun-cream-spf50-pa-70ml\/#breadcrumb"},"inLanguage":"en-US","potentialAction":[{"@type":"ReadAction","target":["https:\/\/www.facecorner.lv\/shop\/holika-holika-aloe-soothing-essence-waterproof-sun-cream-spf50-pa-70ml\/"]}]},{"@type":"ImageObject","inLanguage":"en-US","@id":"https:\/\/www.facecorner.lv\/shop\/holika-holika-aloe-soothing-essence-waterproof-sun-cream-spf50-pa-70ml\/#primaryimage","url":"https:\/\/www.facecorner.lv\/wp-content\/uploads\/2023\/05\/s-l1600.jpg","contentUrl":"https:\/\/www.facecorner.lv\/wp-content\/uploads\/2023\/05\/s-l1600.jpg","width":1000,"height":1000},{"@type":"BreadcrumbList","@id":"https:\/\/www.facecorner.lv\/shop\/holika-holika-aloe-soothing-essence-waterproof-sun-cream-spf50-pa-70ml\/#breadcrumb","itemListElement":[{"@type":"ListItem","position":1,"name":"Home","item":"https:\/\/www.facecorner.lv\/"},{"@type":"ListItem","position":2,"name":"Veikals","item":"https:\/\/www.facecorner.lv\/shop\/"},{"@type":"ListItem","position":3,"name":"HOLIKA HOLIKA ALOE SOOTHING ESSENCE WATERPROOF SUN CREAM SPF50+\/PA+++ 70ml"}]},{"@type":"WebSite","@id":"https:\/\/www.facecorner.lv\/#website","url":"https:\/\/www.facecorner.lv\/","name":"Facecorner","description":"","publisher":{"@id":"https:\/\/www.facecorner.lv\/#organization"},"potentialAction":[{"@type":"SearchAction","target":{"@type":"EntryPoint","urlTemplate":"https:\/\/www.facecorner.lv\/?s={search_term_string}"},"query-input":{"@type":"PropertyValueSpecification","valueRequired":true,"valueName":"search_term_string"}}],"inLanguage":"en-US"},{"@type":"Organization","@id":"https:\/\/www.facecorner.lv\/#organization","name":"Facecorner","url":"https:\/\/www.facecorner.lv\/","logo":{"@type":"ImageObject","inLanguage":"en-US","@id":"https:\/\/www.facecorner.lv\/#\/schema\/logo\/image\/","url":"https:\/\/www.facecorner.lv\/wp-content\/uploads\/2024\/04\/fc-logo.jpg","contentUrl":"https:\/\/www.facecorner.lv\/wp-content\/uploads\/2024\/04\/fc-logo.jpg","width":174,"height":28,"caption":"Facecorner"},"image":{"@id":"https:\/\/www.facecorner.lv\/#\/schema\/logo\/image\/"},"sameAs":["https:\/\/www.facebook.com\/profile.php?id=100063824551839","https:\/\/www.instagram.com\/facecorner_shop\/"]}]},"product_price_amount":"18.50","product_price_currency":"EUR","og_availability":"out of stock","product_availability":"out of stock","product_condition":"new"},"_links":{"self":[{"href":"https:\/\/www.facecorner.lv\/en\/wp-json\/wp\/v2\/product\/10577","targetHints":{"allow":["GET"]}}],"collection":[{"href":"https:\/\/www.facecorner.lv\/en\/wp-json\/wp\/v2\/product"}],"about":[{"href":"https:\/\/www.facecorner.lv\/en\/wp-json\/wp\/v2\/types\/product"}],"replies":[{"embeddable":true,"href":"https:\/\/www.facecorner.lv\/en\/wp-json\/wp\/v2\/comments?post=10577"}],"wp:featuredmedia":[{"embeddable":true,"href":"https:\/\/www.facecorner.lv\/en\/wp-json\/wp\/v2\/media\/10578"}],"wp:attachment":[{"href":"https:\/\/www.facecorner.lv\/en\/wp-json\/wp\/v2\/media?parent=10577"}],"wp:term":[{"taxonomy":"product_brand","embeddable":true,"href":"https:\/\/www.facecorner.lv\/en\/wp-json\/wp\/v2\/product_brand?post=10577"},{"taxonomy":"product_cat","embeddable":true,"href":"https:\/\/www.facecorner.lv\/en\/wp-json\/wp\/v2\/product_cat?post=10577"},{"taxonomy":"product_tag","embeddable":true,"href":"https:\/\/www.facecorner.lv\/en\/wp-json\/wp\/v2\/product_tag?post=10577"},{"taxonomy":"berocket_brand","embeddable":true,"href":"https:\/\/www.facecorner.lv\/en\/wp-json\/wp\/v2\/berocket_brand?post=10577"}],"curies":[{"name":"wp","href":"https:\/\/api.w.org\/{rel}","templated":true}]}}