{"id":10255,"date":"2023-04-21T14:40:17","date_gmt":"2023-04-21T12:40:17","guid":{"rendered":"https:\/\/www.facecorner.shop\/?post_type=product&#038;p=10255"},"modified":"2024-10-30T13:49:06","modified_gmt":"2024-10-30T10:49:06","slug":"some-by-mi-aha-bha-pha-30-days-miracle-cream-60ml","status":"publish","type":"product","link":"https:\/\/www.facecorner.lv\/en\/shop\/some-by-mi-aha-bha-pha-30-days-miracle-cream-60ml\/","title":{"rendered":"Some By Mi AHA-BHA-PHA 30 Days Miracle Cream 60ml"},"content":{"rendered":"<p>Some By Mi AHA-BHA-PHA 30 Days Miracle Cream ar 3 veidu sk\u0101b\u0113m un centella asiatica ekstraktu. Kr\u0113ms efekt\u012bvi \u0101rst\u0113 pinnes un iekaisumus, nov\u0113r\u0161 to turpm\u0101ku par\u0101d\u012b\u0161anos, pal\u012bdz sa\u0161aurin\u0101t poras un atvieglo postakne. Instruments regul\u0113 sebuma veido\u0161anos, mat\u0113, nomierina \u0101du un mazina aps\u0101rtumu. Ieteicams kombin\u0113tai un taukainai \u0101dai ar papla\u0161in\u0101t\u0101m por\u0101m.<\/p>\n<p>3 veidu sk\u0101bes ir paredz\u0113tas dzi\u013cai \u0101das att\u012br\u012b\u0161anai, atjauno\u0161anai un atjauno\u0161anai.<\/p>\n<ul>\n<li>AHA sk\u0101bes noloba epidermas keratiniz\u0113to sl\u0101ni, no\u0146em atmiru\u0161\u0101s \u0101das \u0161\u016bnas un citus net\u012brumus.<\/li>\n<li>BHA-sk\u0101bes iz\u0161\u0137\u012bdina komedonus, pal\u012bdz att\u012br\u012bt \u0101du no dzi\u013c\u0101kiem, zem\u0101das s\u0101r\u0146iem un liek\u0101 sebuma por\u0101s, k\u0101 ar\u012b normaliz\u0113 \u0101das \u016bdens-tauku l\u012bdzsvaru.<\/li>\n<li>PHA sk\u0101bes nov\u0113r\u0161 mitruma zudumu un maigi noloba, nomierina un nomierina \u0101das kairin\u0101jumus.<\/li>\n<\/ul>\n<p>Problem\u0101tiskai, kombin\u0113tai un taukainai \u0101dai.<\/p>\n<p>Lieto\u0161ana: Uzkl\u0101jiet nepiecie\u0161amo kr\u0113ma daudzumu ar viegl\u0101m mas\u0101\u017eas kust\u012bb\u0101m.<\/p>\n<p>S\u0101stavs: Centella asiatica extract (70.78 %), dipropylene glycol, glycerin, purified water, niacinamide, caprylic\/capric triglyceride, cetylethyl hexanoate, tea tree leaf water (10,000 ppm), castor seed oil, hydrogene Ted castor oil, Indian mulberry leaf extract, Indian mulberry tree flower extract, ivy god fruit extract, eggplant fruit extract, aloe vera flower extract, holy basil leaf extract, turmeric root extract, true coral extract, port marigold Flower extract, green tea extract, lavender extract, rosemary extract, oregano flower\/ leaf\/stem extract, thyme extract, fructan, multiple shield mushroom extract, white willow bark extract (1,000 ppm), enantia cloranta bark extract, esculo Lentils lentil seed extract, Virginia chrysanthemum extract, buckwheat extract, yellow lotus extract, saccharide isomerate, sodium hyaluronate, butylene glycol, propanediol,betaine, allantoin, madecassoside, madecassic acid, Asiaticoside, asiatic acid, adenosine, ceramide NP, oleanolic acid, capryloyl salicylic acid, inulin lauryl carbamate, polyglyceryl-3methylglucose distearate, cetearylglucoside, sorbitanolivate, Cetearyl alcohol (100 ppm), lactobionic acid ( acid (11 ppm), ammonium acryloyl dimethyl taurate\/vpicopolymer, 1,2-hexanediol, benzyl glycol, ethylhexyl glycerin , Raspberry Ketone, Disodium EDITA, Peppermint Oil, Limonenebenzyl glycol, ethylhexyl glycerin, Raspberry Ketone, Disodium EDITA, Peppermint Oil, Limonenebenzyl glycol, ethylhexyl glycerin, Raspberry Ketone, Disodium EDITA, Peppermint Oil, Limonene26<\/p>","protected":false},"excerpt":{"rendered":"<p>Some By Mi AHA-BHA-PHA 30 Days Miracle Cream ar 3 veidu sk\u0101b\u0113m un centella asiatica ekstraktu. Kr\u0113ms efekt\u012bvi \u0101rst\u0113 pinnes un iekaisumus, nov\u0113r\u0161 to turpm\u0101ku par\u0101d\u012b\u0161anos, pal\u012bdz sa\u0161aurin\u0101t poras un atvieglo postakne. Instruments regul\u0113 sebuma veido\u0161anos, mat\u0113, nomierina \u0101du un mazina aps\u0101rtumu. Ieteicams kombin\u0113tai un taukainai \u0101dai ar papla\u0161in\u0101t\u0101m por\u0101m. 3 veidu sk\u0101bes ir paredz\u0113tas [&hellip;]<\/p>\n","protected":false},"featured_media":10256,"comment_status":"open","ping_status":"closed","template":"","meta":{"site-sidebar-layout":"default","site-content-layout":"","ast-site-content-layout":"","site-content-style":"default","site-sidebar-style":"default","ast-global-header-display":"","ast-banner-title-visibility":"","ast-main-header-display":"","ast-hfb-above-header-display":"","ast-hfb-below-header-display":"","ast-hfb-mobile-header-display":"","site-post-title":"","ast-breadcrumbs-content":"","ast-featured-img":"","footer-sml-layout":"","theme-transparent-header-meta":"","adv-header-id-meta":"","stick-header-meta":"","header-above-stick-meta":"","header-main-stick-meta":"","header-below-stick-meta":"","astra-migrate-meta-layouts":"default","ast-page-background-enabled":"default","ast-page-background-meta":{"desktop":{"background-color":"var(--ast-global-color-4)","background-image":"","background-repeat":"repeat","background-position":"center center","background-size":"auto","background-attachment":"scroll","background-type":"","background-media":"","overlay-type":"","overlay-color":"","overlay-opacity":"","overlay-gradient":""},"tablet":{"background-color":"","background-image":"","background-repeat":"repeat","background-position":"center center","background-size":"auto","background-attachment":"scroll","background-type":"","background-media":"","overlay-type":"","overlay-color":"","overlay-opacity":"","overlay-gradient":""},"mobile":{"background-color":"","background-image":"","background-repeat":"repeat","background-position":"center center","background-size":"auto","background-attachment":"scroll","background-type":"","background-media":"","overlay-type":"","overlay-color":"","overlay-opacity":"","overlay-gradient":""}},"ast-content-background-meta":{"desktop":{"background-color":"var(--ast-global-color-5)","background-image":"","background-repeat":"repeat","background-position":"center center","background-size":"auto","background-attachment":"scroll","background-type":"","background-media":"","overlay-type":"","overlay-color":"","overlay-opacity":"","overlay-gradient":""},"tablet":{"background-color":"var(--ast-global-color-5)","background-image":"","background-repeat":"repeat","background-position":"center center","background-size":"auto","background-attachment":"scroll","background-type":"","background-media":"","overlay-type":"","overlay-color":"","overlay-opacity":"","overlay-gradient":""},"mobile":{"background-color":"var(--ast-global-color-5)","background-image":"","background-repeat":"repeat","background-position":"center center","background-size":"auto","background-attachment":"scroll","background-type":"","background-media":"","overlay-type":"","overlay-color":"","overlay-opacity":"","overlay-gradient":""}}},"product_brand":[],"product_cat":[380,369,381,362],"product_tag":[],"berocket_brand":[],"class_list":{"0":"post-10255","1":"product","2":"type-product","3":"status-publish","4":"has-post-thumbnail","6":"product_cat-kombinetai-adai","7":"product_cat-problematiskai-adai-sejas-krems","8":"product_cat-problematiskai-un-taukainai-adai","9":"product_cat-sejas-krems","10":"desktop-align-left","11":"tablet-align-left","12":"mobile-align-left","14":"first","15":"outofstock","16":"taxable","17":"shipping-taxable","18":"purchasable","19":"product-type-simple","20":"add-to-wishlist-before_image"},"yoast_head":"<!-- This site is optimized with the Yoast SEO plugin v27.4 - https:\/\/yoast.com\/product\/yoast-seo-wordpress\/ -->\n<title>Some By Mi AHA-BHA-PHA 30 Days Miracle Cream 60ml - FACECORNER<\/title>\n<meta name=\"robots\" content=\"index, follow, max-snippet:-1, max-image-preview:large, max-video-preview:-1\" \/>\n<link rel=\"canonical\" href=\"https:\/\/www.facecorner.lv\/en\/shop\/some-by-mi-aha-bha-pha-30-days-miracle-cream-60ml\/\" \/>\n<meta property=\"og:locale\" content=\"en_US\" \/>\n<meta property=\"og:type\" content=\"article\" \/>\n<meta property=\"og:title\" content=\"Some By Mi AHA-BHA-PHA 30 Days Miracle Cream 60ml - FACECORNER\" \/>\n<meta property=\"og:description\" content=\"Some By Mi AHA-BHA-PHA 30 Days Miracle Cream ar 3 veidu sk\u0101b\u0113m un centella asiatica ekstraktu. Kr\u0113ms efekt\u012bvi \u0101rst\u0113 pinnes un iekaisumus, nov\u0113r\u0161 to turpm\u0101ku par\u0101d\u012b\u0161anos, pal\u012bdz sa\u0161aurin\u0101t poras un atvieglo postakne. Instruments regul\u0113 sebuma veido\u0161anos, mat\u0113, nomierina \u0101du un mazina aps\u0101rtumu. Ieteicams kombin\u0113tai un taukainai \u0101dai ar papla\u0161in\u0101t\u0101m por\u0101m. 3 veidu sk\u0101bes ir paredz\u0113tas [&hellip;]\" \/>\n<meta property=\"og:url\" content=\"https:\/\/www.facecorner.lv\/en\/shop\/some-by-mi-aha-bha-pha-30-days-miracle-cream-60ml\/\" \/>\n<meta property=\"og:site_name\" content=\"FACECORNER\" \/>\n<meta property=\"article:publisher\" content=\"https:\/\/www.facebook.com\/profile.php?id=100063824551839\" \/>\n<meta property=\"article:modified_time\" content=\"2024-10-30T10:49:06+00:00\" \/>\n<meta property=\"og:image\" content=\"https:\/\/www.facecorner.lv\/wp-content\/uploads\/2023\/04\/L_g0156289454_001-1000x1000-1.jpg\" \/>\n\t<meta property=\"og:image:width\" content=\"1000\" \/>\n\t<meta property=\"og:image:height\" content=\"1000\" \/>\n\t<meta property=\"og:image:type\" content=\"image\/jpeg\" \/>\n<meta name=\"twitter:card\" content=\"summary_large_image\" \/>\n<meta name=\"twitter:label1\" content=\"Price\" \/>\n\t<meta name=\"twitter:data1\" content=\"&euro;26.50\" \/>\n\t<meta name=\"twitter:label2\" content=\"Availability\" \/>\n\t<meta name=\"twitter:data2\" content=\"Out of stock\" \/>\n<script type=\"application\/ld+json\" class=\"yoast-schema-graph\">{\"@context\":\"https:\\\/\\\/schema.org\",\"@graph\":[{\"@type\":\"WebPage\",\"@id\":\"https:\\\/\\\/www.facecorner.lv\\\/ru\\\/shop\\\/some-by-mi-aha-bha-pha-30-days-miracle-cream-60ml\\\/\",\"url\":\"https:\\\/\\\/www.facecorner.lv\\\/ru\\\/shop\\\/some-by-mi-aha-bha-pha-30-days-miracle-cream-60ml\\\/\",\"name\":\"Some By Mi AHA-BHA-PHA 30 Days Miracle Cream 60ml - FACECORNER\",\"isPartOf\":{\"@id\":\"https:\\\/\\\/www.facecorner.lv\\\/#website\"},\"primaryImageOfPage\":{\"@id\":\"https:\\\/\\\/www.facecorner.lv\\\/ru\\\/shop\\\/some-by-mi-aha-bha-pha-30-days-miracle-cream-60ml\\\/#primaryimage\"},\"image\":{\"@id\":\"https:\\\/\\\/www.facecorner.lv\\\/ru\\\/shop\\\/some-by-mi-aha-bha-pha-30-days-miracle-cream-60ml\\\/#primaryimage\"},\"thumbnailUrl\":\"https:\\\/\\\/www.facecorner.lv\\\/wp-content\\\/uploads\\\/2023\\\/04\\\/L_g0156289454_001-1000x1000-1.jpg\",\"datePublished\":\"2023-04-21T12:40:17+00:00\",\"dateModified\":\"2024-10-30T10:49:06+00:00\",\"breadcrumb\":{\"@id\":\"https:\\\/\\\/www.facecorner.lv\\\/ru\\\/shop\\\/some-by-mi-aha-bha-pha-30-days-miracle-cream-60ml\\\/#breadcrumb\"},\"inLanguage\":\"en-US\",\"potentialAction\":[{\"@type\":\"ReadAction\",\"target\":[\"https:\\\/\\\/www.facecorner.lv\\\/ru\\\/shop\\\/some-by-mi-aha-bha-pha-30-days-miracle-cream-60ml\\\/\"]}]},{\"@type\":\"ImageObject\",\"inLanguage\":\"en-US\",\"@id\":\"https:\\\/\\\/www.facecorner.lv\\\/ru\\\/shop\\\/some-by-mi-aha-bha-pha-30-days-miracle-cream-60ml\\\/#primaryimage\",\"url\":\"https:\\\/\\\/www.facecorner.lv\\\/wp-content\\\/uploads\\\/2023\\\/04\\\/L_g0156289454_001-1000x1000-1.jpg\",\"contentUrl\":\"https:\\\/\\\/www.facecorner.lv\\\/wp-content\\\/uploads\\\/2023\\\/04\\\/L_g0156289454_001-1000x1000-1.jpg\",\"width\":1000,\"height\":1000},{\"@type\":\"BreadcrumbList\",\"@id\":\"https:\\\/\\\/www.facecorner.lv\\\/ru\\\/shop\\\/some-by-mi-aha-bha-pha-30-days-miracle-cream-60ml\\\/#breadcrumb\",\"itemListElement\":[{\"@type\":\"ListItem\",\"position\":1,\"name\":\"Home\",\"item\":\"https:\\\/\\\/www.facecorner.lv\\\/\"},{\"@type\":\"ListItem\",\"position\":2,\"name\":\"Veikals\",\"item\":\"https:\\\/\\\/www.facecorner.lv\\\/shop\\\/\"},{\"@type\":\"ListItem\",\"position\":3,\"name\":\"Some By Mi AHA-BHA-PHA 30 Days Miracle Cream 60ml\"}]},{\"@type\":\"WebSite\",\"@id\":\"https:\\\/\\\/www.facecorner.lv\\\/#website\",\"url\":\"https:\\\/\\\/www.facecorner.lv\\\/\",\"name\":\"Facecorner\",\"description\":\"\",\"publisher\":{\"@id\":\"https:\\\/\\\/www.facecorner.lv\\\/#organization\"},\"potentialAction\":[{\"@type\":\"SearchAction\",\"target\":{\"@type\":\"EntryPoint\",\"urlTemplate\":\"https:\\\/\\\/www.facecorner.lv\\\/?s={search_term_string}\"},\"query-input\":{\"@type\":\"PropertyValueSpecification\",\"valueRequired\":true,\"valueName\":\"search_term_string\"}}],\"inLanguage\":\"en-US\"},{\"@type\":\"Organization\",\"@id\":\"https:\\\/\\\/www.facecorner.lv\\\/#organization\",\"name\":\"Facecorner\",\"url\":\"https:\\\/\\\/www.facecorner.lv\\\/\",\"logo\":{\"@type\":\"ImageObject\",\"inLanguage\":\"en-US\",\"@id\":\"https:\\\/\\\/www.facecorner.lv\\\/#\\\/schema\\\/logo\\\/image\\\/\",\"url\":\"https:\\\/\\\/www.facecorner.lv\\\/wp-content\\\/uploads\\\/2024\\\/04\\\/fc-logo.jpg\",\"contentUrl\":\"https:\\\/\\\/www.facecorner.lv\\\/wp-content\\\/uploads\\\/2024\\\/04\\\/fc-logo.jpg\",\"width\":174,\"height\":28,\"caption\":\"Facecorner\"},\"image\":{\"@id\":\"https:\\\/\\\/www.facecorner.lv\\\/#\\\/schema\\\/logo\\\/image\\\/\"},\"sameAs\":[\"https:\\\/\\\/www.facebook.com\\\/profile.php?id=100063824551839\",\"https:\\\/\\\/www.instagram.com\\\/facecorner_shop\\\/\"]}]}<\/script>\n<meta property=\"product:price:amount\" content=\"26.50\" \/>\n<meta property=\"product:price:currency\" content=\"EUR\" \/>\n<meta property=\"og:availability\" content=\"out of stock\" \/>\n<meta property=\"product:availability\" content=\"out of stock\" \/>\n<meta property=\"product:condition\" content=\"new\" \/>\n<!-- \/ Yoast SEO plugin. -->","yoast_head_json":{"title":"Some By Mi AHA-BHA-PHA 30 Days Miracle Cream 60ml - FACECORNER","robots":{"index":"index","follow":"follow","max-snippet":"max-snippet:-1","max-image-preview":"max-image-preview:large","max-video-preview":"max-video-preview:-1"},"canonical":"https:\/\/www.facecorner.lv\/en\/shop\/some-by-mi-aha-bha-pha-30-days-miracle-cream-60ml\/","og_locale":"en_US","og_type":"article","og_title":"Some By Mi AHA-BHA-PHA 30 Days Miracle Cream 60ml - FACECORNER","og_description":"Some By Mi AHA-BHA-PHA 30 Days Miracle Cream ar 3 veidu sk\u0101b\u0113m un centella asiatica ekstraktu. Kr\u0113ms efekt\u012bvi \u0101rst\u0113 pinnes un iekaisumus, nov\u0113r\u0161 to turpm\u0101ku par\u0101d\u012b\u0161anos, pal\u012bdz sa\u0161aurin\u0101t poras un atvieglo postakne. Instruments regul\u0113 sebuma veido\u0161anos, mat\u0113, nomierina \u0101du un mazina aps\u0101rtumu. Ieteicams kombin\u0113tai un taukainai \u0101dai ar papla\u0161in\u0101t\u0101m por\u0101m. 3 veidu sk\u0101bes ir paredz\u0113tas [&hellip;]","og_url":"https:\/\/www.facecorner.lv\/en\/shop\/some-by-mi-aha-bha-pha-30-days-miracle-cream-60ml\/","og_site_name":"FACECORNER","article_publisher":"https:\/\/www.facebook.com\/profile.php?id=100063824551839","article_modified_time":"2024-10-30T10:49:06+00:00","og_image":[{"width":1000,"height":1000,"url":"https:\/\/www.facecorner.lv\/wp-content\/uploads\/2023\/04\/L_g0156289454_001-1000x1000-1.jpg","type":"image\/jpeg"}],"twitter_card":"summary_large_image","twitter_misc":{"Price":"&euro;26.50","Availability":"Out of stock"},"schema":{"@context":"https:\/\/schema.org","@graph":[{"@type":"WebPage","@id":"https:\/\/www.facecorner.lv\/ru\/shop\/some-by-mi-aha-bha-pha-30-days-miracle-cream-60ml\/","url":"https:\/\/www.facecorner.lv\/ru\/shop\/some-by-mi-aha-bha-pha-30-days-miracle-cream-60ml\/","name":"Some By Mi AHA-BHA-PHA 30 Days Miracle Cream 60ml - FACECORNER","isPartOf":{"@id":"https:\/\/www.facecorner.lv\/#website"},"primaryImageOfPage":{"@id":"https:\/\/www.facecorner.lv\/ru\/shop\/some-by-mi-aha-bha-pha-30-days-miracle-cream-60ml\/#primaryimage"},"image":{"@id":"https:\/\/www.facecorner.lv\/ru\/shop\/some-by-mi-aha-bha-pha-30-days-miracle-cream-60ml\/#primaryimage"},"thumbnailUrl":"https:\/\/www.facecorner.lv\/wp-content\/uploads\/2023\/04\/L_g0156289454_001-1000x1000-1.jpg","datePublished":"2023-04-21T12:40:17+00:00","dateModified":"2024-10-30T10:49:06+00:00","breadcrumb":{"@id":"https:\/\/www.facecorner.lv\/ru\/shop\/some-by-mi-aha-bha-pha-30-days-miracle-cream-60ml\/#breadcrumb"},"inLanguage":"en-US","potentialAction":[{"@type":"ReadAction","target":["https:\/\/www.facecorner.lv\/ru\/shop\/some-by-mi-aha-bha-pha-30-days-miracle-cream-60ml\/"]}]},{"@type":"ImageObject","inLanguage":"en-US","@id":"https:\/\/www.facecorner.lv\/ru\/shop\/some-by-mi-aha-bha-pha-30-days-miracle-cream-60ml\/#primaryimage","url":"https:\/\/www.facecorner.lv\/wp-content\/uploads\/2023\/04\/L_g0156289454_001-1000x1000-1.jpg","contentUrl":"https:\/\/www.facecorner.lv\/wp-content\/uploads\/2023\/04\/L_g0156289454_001-1000x1000-1.jpg","width":1000,"height":1000},{"@type":"BreadcrumbList","@id":"https:\/\/www.facecorner.lv\/ru\/shop\/some-by-mi-aha-bha-pha-30-days-miracle-cream-60ml\/#breadcrumb","itemListElement":[{"@type":"ListItem","position":1,"name":"Home","item":"https:\/\/www.facecorner.lv\/"},{"@type":"ListItem","position":2,"name":"Veikals","item":"https:\/\/www.facecorner.lv\/shop\/"},{"@type":"ListItem","position":3,"name":"Some By Mi AHA-BHA-PHA 30 Days Miracle Cream 60ml"}]},{"@type":"WebSite","@id":"https:\/\/www.facecorner.lv\/#website","url":"https:\/\/www.facecorner.lv\/","name":"Facecorner","description":"","publisher":{"@id":"https:\/\/www.facecorner.lv\/#organization"},"potentialAction":[{"@type":"SearchAction","target":{"@type":"EntryPoint","urlTemplate":"https:\/\/www.facecorner.lv\/?s={search_term_string}"},"query-input":{"@type":"PropertyValueSpecification","valueRequired":true,"valueName":"search_term_string"}}],"inLanguage":"en-US"},{"@type":"Organization","@id":"https:\/\/www.facecorner.lv\/#organization","name":"Facecorner","url":"https:\/\/www.facecorner.lv\/","logo":{"@type":"ImageObject","inLanguage":"en-US","@id":"https:\/\/www.facecorner.lv\/#\/schema\/logo\/image\/","url":"https:\/\/www.facecorner.lv\/wp-content\/uploads\/2024\/04\/fc-logo.jpg","contentUrl":"https:\/\/www.facecorner.lv\/wp-content\/uploads\/2024\/04\/fc-logo.jpg","width":174,"height":28,"caption":"Facecorner"},"image":{"@id":"https:\/\/www.facecorner.lv\/#\/schema\/logo\/image\/"},"sameAs":["https:\/\/www.facebook.com\/profile.php?id=100063824551839","https:\/\/www.instagram.com\/facecorner_shop\/"]}]},"product_price_amount":"26.50","product_price_currency":"EUR","og_availability":"out of stock","product_availability":"out of stock","product_condition":"new"},"_links":{"self":[{"href":"https:\/\/www.facecorner.lv\/en\/wp-json\/wp\/v2\/product\/10255","targetHints":{"allow":["GET"]}}],"collection":[{"href":"https:\/\/www.facecorner.lv\/en\/wp-json\/wp\/v2\/product"}],"about":[{"href":"https:\/\/www.facecorner.lv\/en\/wp-json\/wp\/v2\/types\/product"}],"replies":[{"embeddable":true,"href":"https:\/\/www.facecorner.lv\/en\/wp-json\/wp\/v2\/comments?post=10255"}],"wp:featuredmedia":[{"embeddable":true,"href":"https:\/\/www.facecorner.lv\/en\/wp-json\/wp\/v2\/media\/10256"}],"wp:attachment":[{"href":"https:\/\/www.facecorner.lv\/en\/wp-json\/wp\/v2\/media?parent=10255"}],"wp:term":[{"taxonomy":"product_brand","embeddable":true,"href":"https:\/\/www.facecorner.lv\/en\/wp-json\/wp\/v2\/product_brand?post=10255"},{"taxonomy":"product_cat","embeddable":true,"href":"https:\/\/www.facecorner.lv\/en\/wp-json\/wp\/v2\/product_cat?post=10255"},{"taxonomy":"product_tag","embeddable":true,"href":"https:\/\/www.facecorner.lv\/en\/wp-json\/wp\/v2\/product_tag?post=10255"},{"taxonomy":"berocket_brand","embeddable":true,"href":"https:\/\/www.facecorner.lv\/en\/wp-json\/wp\/v2\/berocket_brand?post=10255"}],"curies":[{"name":"wp","href":"https:\/\/api.w.org\/{rel}","templated":true}]}}