{"id":10193,"date":"2023-04-16T18:42:37","date_gmt":"2023-04-16T16:42:37","guid":{"rendered":"https:\/\/www.facecorner.shop\/?post_type=product&#038;p=10193"},"modified":"2025-08-24T15:50:54","modified_gmt":"2025-08-24T12:50:54","slug":"enrich-lift-sleeping-pack","status":"publish","type":"product","link":"https:\/\/www.facecorner.lv\/en\/shop\/enrich-lift-sleeping-pack\/","title":{"rendered":"ENRICH-LIFT SLEEPING PACK"},"content":{"rendered":"<p>Trimay Enrich-Lift Sleeping Pack nakts maska \u200b\u200bar skval\u0101nu r\u016bp\u0113jas par \u0101du visas nakts garum\u0101. Palielina \u0101das elast\u012bbu, padara to glud\u0101ku un tvirt\u0101ku, izl\u012bdzina reljefu. Intens\u012bvi mitrina, nov\u0113r\u0161 sausumu un lob\u012b\u0161anos. Satur skval\u0101nu, beta-glik\u0101nu un hialuronsk\u0101bi.<\/p>\n<p><strong>How to use:<\/strong> atveriet piram\u012bdu un uzkl\u0101jiet nepiecie\u0161amo maskas daudzumu uz sejas k\u0101 vakara kop\u0161anas p\u0113d\u0113jo soli.<\/p>\n<p><strong>Ingredientes:<\/strong>Water, Glycerin, Propanediol, Cetearyl Alcohol, Phenyl Trimethicone, Dimethicone, Squalane, Dimethicone\/Vinyl Dimethicone Crosspolymer, Polysorbate 20, Adenosine, Avena Sativa (Oat) Kernel Extract, Brassica Oleracea Italica (Broccoli) Extract, Camellia Sinensis Leaf Extract, Hamamelis virginiana (Witch Hazel) Water, Beta-Glucan, Sodium Hyaluronate, Hydrolyzed Collagen, Melaleuca Alternifolia (Tea Tree) Leaf Extract, Punica Granatum Fruit Extract, Rubus Idaeus (Raspberry) Fruit Extract, Soluble Collagen, Bakuchiol, Cyclopentasiloxane, Glycol Stearate SE, Hydroxyethyl Acrylate\/Sodium Acryloyldimethyl Taurate Copolymer, Cyclohexasiloxane, Stearic Acid, Hydrogenated Lecithin, Butylene Glycol, PEG-240\/HDI Copolymer Bis-Decyltetradeceth-20 Ether, PVP, Sorbitan Isostearate, Polysorbate 60, Xanthan Gum, Hydroxydecyl Ubiquinone, Argania Spinosa Kernel Oil, Yeast Extract, Disodium EDTA, Hydroxyacetophenone, 1,2-Hexanediol, Theobroma Cacao (Cocoa) Extract, Dextrin, Fragrance<\/p>","protected":false},"excerpt":{"rendered":"<p>Trimay Enrich-Lift Sleeping Pack nakts maska \u200b\u200bar skval\u0101nu r\u016bp\u0113jas par \u0101du visas nakts garum\u0101. Palielina \u0101das elast\u012bbu, padara to glud\u0101ku un tvirt\u0101ku, izl\u012bdzina reljefu. Intens\u012bvi mitrina, nov\u0113r\u0161 sausumu un lob\u012b\u0161anos. Satur skval\u0101nu, beta-glik\u0101nu un hialuronsk\u0101bi. K\u0101 lietot: atveriet piram\u012bdu un uzkl\u0101jiet nepiecie\u0161amo maskas daudzumu uz sejas k\u0101 vakara kop\u0161anas p\u0113d\u0113jo soli. S\u0101stavs:Water, Glycerin, Propanediol, Cetearyl [&hellip;]<\/p>\n","protected":false},"featured_media":10382,"comment_status":"open","ping_status":"closed","template":"","meta":{"site-sidebar-layout":"default","site-content-layout":"","ast-site-content-layout":"default","site-content-style":"default","site-sidebar-style":"default","ast-global-header-display":"","ast-banner-title-visibility":"","ast-main-header-display":"","ast-hfb-above-header-display":"","ast-hfb-below-header-display":"","ast-hfb-mobile-header-display":"","site-post-title":"","ast-breadcrumbs-content":"","ast-featured-img":"","footer-sml-layout":"","theme-transparent-header-meta":"default","adv-header-id-meta":"","stick-header-meta":"","header-above-stick-meta":"","header-main-stick-meta":"","header-below-stick-meta":"","astra-migrate-meta-layouts":"set","ast-page-background-enabled":"default","ast-page-background-meta":{"desktop":{"background-color":"var(--ast-global-color-4)","background-image":"","background-repeat":"repeat","background-position":"center center","background-size":"auto","background-attachment":"scroll","background-type":"","background-media":"","overlay-type":"","overlay-color":"","overlay-opacity":"","overlay-gradient":""},"tablet":{"background-color":"","background-image":"","background-repeat":"repeat","background-position":"center center","background-size":"auto","background-attachment":"scroll","background-type":"","background-media":"","overlay-type":"","overlay-color":"","overlay-opacity":"","overlay-gradient":""},"mobile":{"background-color":"","background-image":"","background-repeat":"repeat","background-position":"center center","background-size":"auto","background-attachment":"scroll","background-type":"","background-media":"","overlay-type":"","overlay-color":"","overlay-opacity":"","overlay-gradient":""}},"ast-content-background-meta":{"desktop":{"background-color":"var(--ast-global-color-5)","background-image":"","background-repeat":"repeat","background-position":"center center","background-size":"auto","background-attachment":"scroll","background-type":"","background-media":"","overlay-type":"","overlay-color":"","overlay-opacity":"","overlay-gradient":""},"tablet":{"background-color":"var(--ast-global-color-5)","background-image":"","background-repeat":"repeat","background-position":"center center","background-size":"auto","background-attachment":"scroll","background-type":"","background-media":"","overlay-type":"","overlay-color":"","overlay-opacity":"","overlay-gradient":""},"mobile":{"background-color":"var(--ast-global-color-5)","background-image":"","background-repeat":"repeat","background-position":"center center","background-size":"auto","background-attachment":"scroll","background-type":"","background-media":"","overlay-type":"","overlay-color":"","overlay-opacity":"","overlay-gradient":""}}},"product_brand":[],"product_cat":[315,322,307],"product_tag":[],"berocket_brand":[],"class_list":{"0":"post-10193","1":"product","2":"type-product","3":"status-publish","4":"has-post-thumbnail","6":"product_cat-maskas","7":"product_cat-nakts","8":"product_cat-sejai","9":"desktop-align-left","10":"tablet-align-left","11":"mobile-align-left","13":"first","14":"outofstock","15":"taxable","16":"shipping-taxable","17":"purchasable","18":"product-type-simple","19":"add-to-wishlist-before_image"},"yoast_head":"<!-- This site is optimized with the Yoast SEO plugin v27.4 - https:\/\/yoast.com\/product\/yoast-seo-wordpress\/ -->\n<title>ENRICH-LIFT SLEEPING PACK - FACECORNER<\/title>\n<meta name=\"robots\" content=\"index, follow, max-snippet:-1, max-image-preview:large, max-video-preview:-1\" \/>\n<link rel=\"canonical\" href=\"https:\/\/www.facecorner.lv\/en\/shop\/enrich-lift-sleeping-pack\/\" \/>\n<meta property=\"og:locale\" content=\"en_US\" \/>\n<meta property=\"og:type\" content=\"article\" \/>\n<meta property=\"og:title\" content=\"ENRICH-LIFT SLEEPING PACK - FACECORNER\" \/>\n<meta property=\"og:description\" content=\"Trimay Enrich-Lift Sleeping Pack nakts maska \u200b\u200bar skval\u0101nu r\u016bp\u0113jas par \u0101du visas nakts garum\u0101. Palielina \u0101das elast\u012bbu, padara to glud\u0101ku un tvirt\u0101ku, izl\u012bdzina reljefu. Intens\u012bvi mitrina, nov\u0113r\u0161 sausumu un lob\u012b\u0161anos. Satur skval\u0101nu, beta-glik\u0101nu un hialuronsk\u0101bi. K\u0101 lietot: atveriet piram\u012bdu un uzkl\u0101jiet nepiecie\u0161amo maskas daudzumu uz sejas k\u0101 vakara kop\u0161anas p\u0113d\u0113jo soli. S\u0101stavs:Water, Glycerin, Propanediol, Cetearyl [&hellip;]\" \/>\n<meta property=\"og:url\" content=\"https:\/\/www.facecorner.lv\/en\/shop\/enrich-lift-sleeping-pack\/\" \/>\n<meta property=\"og:site_name\" content=\"FACECORNER\" \/>\n<meta property=\"article:publisher\" content=\"https:\/\/www.facebook.com\/profile.php?id=100063824551839\" \/>\n<meta property=\"article:modified_time\" content=\"2025-08-24T12:50:54+00:00\" \/>\n<meta property=\"og:image\" content=\"https:\/\/www.facecorner.lv\/wp-content\/uploads\/2023\/04\/7a47e7473531c65b64abc069a9fedcbea14897a1_1023_1024.jpeg\" \/>\n\t<meta property=\"og:image:width\" content=\"1023\" \/>\n\t<meta property=\"og:image:height\" content=\"1024\" \/>\n\t<meta property=\"og:image:type\" content=\"image\/jpeg\" \/>\n<meta name=\"twitter:card\" content=\"summary_large_image\" \/>\n<meta name=\"twitter:label1\" content=\"Price\" \/>\n\t<meta name=\"twitter:data1\" content=\"&euro;2.00\" \/>\n\t<meta name=\"twitter:label2\" content=\"Availability\" \/>\n\t<meta name=\"twitter:data2\" content=\"Out of stock\" \/>\n<script type=\"application\/ld+json\" class=\"yoast-schema-graph\">{\"@context\":\"https:\\\/\\\/schema.org\",\"@graph\":[{\"@type\":\"WebPage\",\"@id\":\"https:\\\/\\\/www.facecorner.lv\\\/shop\\\/enrich-lift-sleeping-pack\\\/\",\"url\":\"https:\\\/\\\/www.facecorner.lv\\\/shop\\\/enrich-lift-sleeping-pack\\\/\",\"name\":\"ENRICH-LIFT SLEEPING PACK - FACECORNER\",\"isPartOf\":{\"@id\":\"https:\\\/\\\/www.facecorner.lv\\\/#website\"},\"primaryImageOfPage\":{\"@id\":\"https:\\\/\\\/www.facecorner.lv\\\/shop\\\/enrich-lift-sleeping-pack\\\/#primaryimage\"},\"image\":{\"@id\":\"https:\\\/\\\/www.facecorner.lv\\\/shop\\\/enrich-lift-sleeping-pack\\\/#primaryimage\"},\"thumbnailUrl\":\"https:\\\/\\\/www.facecorner.lv\\\/wp-content\\\/uploads\\\/2023\\\/04\\\/7a47e7473531c65b64abc069a9fedcbea14897a1_1023_1024.jpeg\",\"datePublished\":\"2023-04-16T16:42:37+00:00\",\"dateModified\":\"2025-08-24T12:50:54+00:00\",\"breadcrumb\":{\"@id\":\"https:\\\/\\\/www.facecorner.lv\\\/shop\\\/enrich-lift-sleeping-pack\\\/#breadcrumb\"},\"inLanguage\":\"en-US\",\"potentialAction\":[{\"@type\":\"ReadAction\",\"target\":[\"https:\\\/\\\/www.facecorner.lv\\\/shop\\\/enrich-lift-sleeping-pack\\\/\"]}]},{\"@type\":\"ImageObject\",\"inLanguage\":\"en-US\",\"@id\":\"https:\\\/\\\/www.facecorner.lv\\\/shop\\\/enrich-lift-sleeping-pack\\\/#primaryimage\",\"url\":\"https:\\\/\\\/www.facecorner.lv\\\/wp-content\\\/uploads\\\/2023\\\/04\\\/7a47e7473531c65b64abc069a9fedcbea14897a1_1023_1024.jpeg\",\"contentUrl\":\"https:\\\/\\\/www.facecorner.lv\\\/wp-content\\\/uploads\\\/2023\\\/04\\\/7a47e7473531c65b64abc069a9fedcbea14897a1_1023_1024.jpeg\",\"width\":1023,\"height\":1024},{\"@type\":\"BreadcrumbList\",\"@id\":\"https:\\\/\\\/www.facecorner.lv\\\/shop\\\/enrich-lift-sleeping-pack\\\/#breadcrumb\",\"itemListElement\":[{\"@type\":\"ListItem\",\"position\":1,\"name\":\"Home\",\"item\":\"https:\\\/\\\/www.facecorner.lv\\\/\"},{\"@type\":\"ListItem\",\"position\":2,\"name\":\"Veikals\",\"item\":\"https:\\\/\\\/www.facecorner.lv\\\/shop\\\/\"},{\"@type\":\"ListItem\",\"position\":3,\"name\":\"ENRICH-LIFT SLEEPING PACK\"}]},{\"@type\":\"WebSite\",\"@id\":\"https:\\\/\\\/www.facecorner.lv\\\/#website\",\"url\":\"https:\\\/\\\/www.facecorner.lv\\\/\",\"name\":\"Facecorner\",\"description\":\"\",\"publisher\":{\"@id\":\"https:\\\/\\\/www.facecorner.lv\\\/#organization\"},\"potentialAction\":[{\"@type\":\"SearchAction\",\"target\":{\"@type\":\"EntryPoint\",\"urlTemplate\":\"https:\\\/\\\/www.facecorner.lv\\\/?s={search_term_string}\"},\"query-input\":{\"@type\":\"PropertyValueSpecification\",\"valueRequired\":true,\"valueName\":\"search_term_string\"}}],\"inLanguage\":\"en-US\"},{\"@type\":\"Organization\",\"@id\":\"https:\\\/\\\/www.facecorner.lv\\\/#organization\",\"name\":\"Facecorner\",\"url\":\"https:\\\/\\\/www.facecorner.lv\\\/\",\"logo\":{\"@type\":\"ImageObject\",\"inLanguage\":\"en-US\",\"@id\":\"https:\\\/\\\/www.facecorner.lv\\\/#\\\/schema\\\/logo\\\/image\\\/\",\"url\":\"https:\\\/\\\/www.facecorner.lv\\\/wp-content\\\/uploads\\\/2024\\\/04\\\/fc-logo.jpg\",\"contentUrl\":\"https:\\\/\\\/www.facecorner.lv\\\/wp-content\\\/uploads\\\/2024\\\/04\\\/fc-logo.jpg\",\"width\":174,\"height\":28,\"caption\":\"Facecorner\"},\"image\":{\"@id\":\"https:\\\/\\\/www.facecorner.lv\\\/#\\\/schema\\\/logo\\\/image\\\/\"},\"sameAs\":[\"https:\\\/\\\/www.facebook.com\\\/profile.php?id=100063824551839\",\"https:\\\/\\\/www.instagram.com\\\/facecorner_shop\\\/\"]}]}<\/script>\n<meta property=\"product:price:amount\" content=\"2.00\" \/>\n<meta property=\"product:price:currency\" content=\"EUR\" \/>\n<meta property=\"og:availability\" content=\"out of stock\" \/>\n<meta property=\"product:availability\" content=\"out of stock\" \/>\n<meta property=\"product:condition\" content=\"new\" \/>\n<!-- \/ Yoast SEO plugin. -->","yoast_head_json":{"title":"ENRICH-LIFT SLEEPING PACK - FACECORNER","robots":{"index":"index","follow":"follow","max-snippet":"max-snippet:-1","max-image-preview":"max-image-preview:large","max-video-preview":"max-video-preview:-1"},"canonical":"https:\/\/www.facecorner.lv\/en\/shop\/enrich-lift-sleeping-pack\/","og_locale":"en_US","og_type":"article","og_title":"ENRICH-LIFT SLEEPING PACK - FACECORNER","og_description":"Trimay Enrich-Lift Sleeping Pack nakts maska \u200b\u200bar skval\u0101nu r\u016bp\u0113jas par \u0101du visas nakts garum\u0101. Palielina \u0101das elast\u012bbu, padara to glud\u0101ku un tvirt\u0101ku, izl\u012bdzina reljefu. Intens\u012bvi mitrina, nov\u0113r\u0161 sausumu un lob\u012b\u0161anos. Satur skval\u0101nu, beta-glik\u0101nu un hialuronsk\u0101bi. K\u0101 lietot: atveriet piram\u012bdu un uzkl\u0101jiet nepiecie\u0161amo maskas daudzumu uz sejas k\u0101 vakara kop\u0161anas p\u0113d\u0113jo soli. S\u0101stavs:Water, Glycerin, Propanediol, Cetearyl [&hellip;]","og_url":"https:\/\/www.facecorner.lv\/en\/shop\/enrich-lift-sleeping-pack\/","og_site_name":"FACECORNER","article_publisher":"https:\/\/www.facebook.com\/profile.php?id=100063824551839","article_modified_time":"2025-08-24T12:50:54+00:00","og_image":[{"width":1023,"height":1024,"url":"https:\/\/www.facecorner.lv\/wp-content\/uploads\/2023\/04\/7a47e7473531c65b64abc069a9fedcbea14897a1_1023_1024.jpeg","type":"image\/jpeg"}],"twitter_card":"summary_large_image","twitter_misc":{"Price":"&euro;2.00","Availability":"Out of stock"},"schema":{"@context":"https:\/\/schema.org","@graph":[{"@type":"WebPage","@id":"https:\/\/www.facecorner.lv\/shop\/enrich-lift-sleeping-pack\/","url":"https:\/\/www.facecorner.lv\/shop\/enrich-lift-sleeping-pack\/","name":"ENRICH-LIFT SLEEPING PACK - FACECORNER","isPartOf":{"@id":"https:\/\/www.facecorner.lv\/#website"},"primaryImageOfPage":{"@id":"https:\/\/www.facecorner.lv\/shop\/enrich-lift-sleeping-pack\/#primaryimage"},"image":{"@id":"https:\/\/www.facecorner.lv\/shop\/enrich-lift-sleeping-pack\/#primaryimage"},"thumbnailUrl":"https:\/\/www.facecorner.lv\/wp-content\/uploads\/2023\/04\/7a47e7473531c65b64abc069a9fedcbea14897a1_1023_1024.jpeg","datePublished":"2023-04-16T16:42:37+00:00","dateModified":"2025-08-24T12:50:54+00:00","breadcrumb":{"@id":"https:\/\/www.facecorner.lv\/shop\/enrich-lift-sleeping-pack\/#breadcrumb"},"inLanguage":"en-US","potentialAction":[{"@type":"ReadAction","target":["https:\/\/www.facecorner.lv\/shop\/enrich-lift-sleeping-pack\/"]}]},{"@type":"ImageObject","inLanguage":"en-US","@id":"https:\/\/www.facecorner.lv\/shop\/enrich-lift-sleeping-pack\/#primaryimage","url":"https:\/\/www.facecorner.lv\/wp-content\/uploads\/2023\/04\/7a47e7473531c65b64abc069a9fedcbea14897a1_1023_1024.jpeg","contentUrl":"https:\/\/www.facecorner.lv\/wp-content\/uploads\/2023\/04\/7a47e7473531c65b64abc069a9fedcbea14897a1_1023_1024.jpeg","width":1023,"height":1024},{"@type":"BreadcrumbList","@id":"https:\/\/www.facecorner.lv\/shop\/enrich-lift-sleeping-pack\/#breadcrumb","itemListElement":[{"@type":"ListItem","position":1,"name":"Home","item":"https:\/\/www.facecorner.lv\/"},{"@type":"ListItem","position":2,"name":"Veikals","item":"https:\/\/www.facecorner.lv\/shop\/"},{"@type":"ListItem","position":3,"name":"ENRICH-LIFT SLEEPING PACK"}]},{"@type":"WebSite","@id":"https:\/\/www.facecorner.lv\/#website","url":"https:\/\/www.facecorner.lv\/","name":"Facecorner","description":"","publisher":{"@id":"https:\/\/www.facecorner.lv\/#organization"},"potentialAction":[{"@type":"SearchAction","target":{"@type":"EntryPoint","urlTemplate":"https:\/\/www.facecorner.lv\/?s={search_term_string}"},"query-input":{"@type":"PropertyValueSpecification","valueRequired":true,"valueName":"search_term_string"}}],"inLanguage":"en-US"},{"@type":"Organization","@id":"https:\/\/www.facecorner.lv\/#organization","name":"Facecorner","url":"https:\/\/www.facecorner.lv\/","logo":{"@type":"ImageObject","inLanguage":"en-US","@id":"https:\/\/www.facecorner.lv\/#\/schema\/logo\/image\/","url":"https:\/\/www.facecorner.lv\/wp-content\/uploads\/2024\/04\/fc-logo.jpg","contentUrl":"https:\/\/www.facecorner.lv\/wp-content\/uploads\/2024\/04\/fc-logo.jpg","width":174,"height":28,"caption":"Facecorner"},"image":{"@id":"https:\/\/www.facecorner.lv\/#\/schema\/logo\/image\/"},"sameAs":["https:\/\/www.facebook.com\/profile.php?id=100063824551839","https:\/\/www.instagram.com\/facecorner_shop\/"]}]},"product_price_amount":"2.00","product_price_currency":"EUR","og_availability":"out of stock","product_availability":"out of stock","product_condition":"new"},"_links":{"self":[{"href":"https:\/\/www.facecorner.lv\/en\/wp-json\/wp\/v2\/product\/10193","targetHints":{"allow":["GET"]}}],"collection":[{"href":"https:\/\/www.facecorner.lv\/en\/wp-json\/wp\/v2\/product"}],"about":[{"href":"https:\/\/www.facecorner.lv\/en\/wp-json\/wp\/v2\/types\/product"}],"replies":[{"embeddable":true,"href":"https:\/\/www.facecorner.lv\/en\/wp-json\/wp\/v2\/comments?post=10193"}],"wp:featuredmedia":[{"embeddable":true,"href":"https:\/\/www.facecorner.lv\/en\/wp-json\/wp\/v2\/media\/10382"}],"wp:attachment":[{"href":"https:\/\/www.facecorner.lv\/en\/wp-json\/wp\/v2\/media?parent=10193"}],"wp:term":[{"taxonomy":"product_brand","embeddable":true,"href":"https:\/\/www.facecorner.lv\/en\/wp-json\/wp\/v2\/product_brand?post=10193"},{"taxonomy":"product_cat","embeddable":true,"href":"https:\/\/www.facecorner.lv\/en\/wp-json\/wp\/v2\/product_cat?post=10193"},{"taxonomy":"product_tag","embeddable":true,"href":"https:\/\/www.facecorner.lv\/en\/wp-json\/wp\/v2\/product_tag?post=10193"},{"taxonomy":"berocket_brand","embeddable":true,"href":"https:\/\/www.facecorner.lv\/en\/wp-json\/wp\/v2\/berocket_brand?post=10193"}],"curies":[{"name":"wp","href":"https:\/\/api.w.org\/{rel}","templated":true}]}}