{"id":10062,"date":"2023-04-14T14:53:19","date_gmt":"2023-04-14T12:53:19","guid":{"rendered":"https:\/\/www.facecorner.shop\/?post_type=product&#038;p=10062"},"modified":"2023-09-30T11:01:26","modified_gmt":"2023-09-30T09:01:26","slug":"some-by-mi-30-days-miracle-tea-tree-clear-spot-oil-10ml","status":"publish","type":"product","link":"https:\/\/www.facecorner.lv\/en\/shop\/some-by-mi-30-days-miracle-tea-tree-clear-spot-oil-10ml\/","title":{"rendered":"SOME BY MI 30 days Miracle Tea Tree Clear Spot Oil 10ml"},"content":{"rendered":"<p>Some By Mi&#8217;s 30 Days Miracle Tea Tree Clear Spot Oil ir paredz\u0113ta lok\u0101lai uzkl\u0101\u0161anai uz boj\u0101tas un iekaisu\u0161as \u0101das, lai mazin\u0101tu niezi, pa\u0101trin\u0101tu eso\u0161o p\u016bt\u012b\u0161u dz\u012b\u0161anas procesu un nov\u0113rstu jaunu ra\u0161anos.<\/p>\n<p>Galven\u0101s produkta akt\u012bv\u0101s sast\u0101vda\u013cas ir t\u0113jas koka e\u013c\u013ca, pantenols un alanto\u012bns.<\/p>\n<ul>\n<li>T\u0113jas koka e\u013c\u013cai piem\u012bt sp\u0113c\u012bga pretmikrobu iedarb\u012bba, t\u0101 \u017e\u016bst un mazina jau eso\u0161o aps\u0101rtumu un iekaisumu niezi.<\/li>\n<li>Pantenols m\u012bkstina un dzied\u0113 \u0101du, ne\u013caujot tai iz\u017e\u016bt.<\/li>\n<li>Alanto\u012bns m\u012bkstina un pa\u0101trina atmiru\u0161o \u0101das da\u013ci\u0146u no\u0146em\u0161anu, sa\u0161aurina poras, kav\u0113 patog\u0113no bakt\u0113riju aug\u0161anu un vairo\u0161anos.<\/li>\n<\/ul>","protected":false},"excerpt":{"rendered":"<p>Some By Mi&#8217;s 30 Days Miracle Tea Tree Clear Spot Oil ir paredz\u0113ta lok\u0101lai uzkl\u0101\u0161anai uz boj\u0101tas un iekaisu\u0161as \u0101das, lai mazin\u0101tu niezi, pa\u0101trin\u0101tu eso\u0161o p\u016bt\u012b\u0161u dz\u012b\u0161anas procesu un nov\u0113rstu jaunu ra\u0161anos. Galven\u0101s produkta akt\u012bv\u0101s sast\u0101vda\u013cas ir t\u0113jas koka e\u013c\u013ca, pantenols un alanto\u012bns. T\u0113jas koka e\u013c\u013cai piem\u012bt sp\u0113c\u012bga pretmikrobu iedarb\u012bba, t\u0101 \u017e\u016bst un mazina jau [&hellip;]<\/p>\n","protected":false},"featured_media":10063,"comment_status":"open","ping_status":"closed","template":"","meta":{"site-sidebar-layout":"default","site-content-layout":"","ast-site-content-layout":"","site-content-style":"default","site-sidebar-style":"default","ast-global-header-display":"","ast-banner-title-visibility":"","ast-main-header-display":"","ast-hfb-above-header-display":"","ast-hfb-below-header-display":"","ast-hfb-mobile-header-display":"","site-post-title":"","ast-breadcrumbs-content":"","ast-featured-img":"","footer-sml-layout":"","theme-transparent-header-meta":"","adv-header-id-meta":"","stick-header-meta":"","header-above-stick-meta":"","header-main-stick-meta":"","header-below-stick-meta":"","astra-migrate-meta-layouts":"default","ast-page-background-enabled":"default","ast-page-background-meta":{"desktop":{"background-color":"var(--ast-global-color-4)","background-image":"","background-repeat":"repeat","background-position":"center center","background-size":"auto","background-attachment":"scroll","background-type":"","background-media":"","overlay-type":"","overlay-color":"","overlay-opacity":"","overlay-gradient":""},"tablet":{"background-color":"","background-image":"","background-repeat":"repeat","background-position":"center center","background-size":"auto","background-attachment":"scroll","background-type":"","background-media":"","overlay-type":"","overlay-color":"","overlay-opacity":"","overlay-gradient":""},"mobile":{"background-color":"","background-image":"","background-repeat":"repeat","background-position":"center center","background-size":"auto","background-attachment":"scroll","background-type":"","background-media":"","overlay-type":"","overlay-color":"","overlay-opacity":"","overlay-gradient":""}},"ast-content-background-meta":{"desktop":{"background-color":"var(--ast-global-color-5)","background-image":"","background-repeat":"repeat","background-position":"center center","background-size":"auto","background-attachment":"scroll","background-type":"","background-media":"","overlay-type":"","overlay-color":"","overlay-opacity":"","overlay-gradient":""},"tablet":{"background-color":"var(--ast-global-color-5)","background-image":"","background-repeat":"repeat","background-position":"center center","background-size":"auto","background-attachment":"scroll","background-type":"","background-media":"","overlay-type":"","overlay-color":"","overlay-opacity":"","overlay-gradient":""},"mobile":{"background-color":"var(--ast-global-color-5)","background-image":"","background-repeat":"repeat","background-position":"center center","background-size":"auto","background-attachment":"scroll","background-type":"","background-media":"","overlay-type":"","overlay-color":"","overlay-opacity":"","overlay-gradient":""}}},"product_brand":[],"product_cat":[310,374,313,381,314],"product_tag":[],"berocket_brand":[],"class_list":{"0":"post-10062","1":"product","2":"type-product","3":"status-publish","4":"has-post-thumbnail","6":"product_cat-attirisana","7":"product_cat-pret-pinnem","8":"product_cat-problematiskai-adai-attirisana","9":"product_cat-problematiskai-un-taukainai-adai","10":"product_cat-taukainai-adai-attirisana","11":"desktop-align-left","12":"tablet-align-left","13":"mobile-align-left","15":"first","16":"outofstock","17":"taxable","18":"shipping-taxable","19":"purchasable","20":"product-type-simple","21":"add-to-wishlist-before_image"},"yoast_head":"<!-- This site is optimized with the Yoast SEO plugin v27.3 - https:\/\/yoast.com\/product\/yoast-seo-wordpress\/ -->\n<title>SOME BY MI 30 days Miracle Tea Tree Clear Spot Oil 10ml - FACECORNER<\/title>\n<meta name=\"robots\" content=\"index, follow, max-snippet:-1, max-image-preview:large, max-video-preview:-1\" \/>\n<link rel=\"canonical\" href=\"https:\/\/www.facecorner.lv\/en\/shop\/some-by-mi-30-days-miracle-tea-tree-clear-spot-oil-10ml\/\" \/>\n<meta property=\"og:locale\" content=\"en_US\" \/>\n<meta property=\"og:type\" content=\"article\" \/>\n<meta property=\"og:title\" content=\"SOME BY MI 30 days Miracle Tea Tree Clear Spot Oil 10ml - FACECORNER\" \/>\n<meta property=\"og:description\" content=\"Some By Mi&#8217;s 30 Days Miracle Tea Tree Clear Spot Oil ir paredz\u0113ta lok\u0101lai uzkl\u0101\u0161anai uz boj\u0101tas un iekaisu\u0161as \u0101das, lai mazin\u0101tu niezi, pa\u0101trin\u0101tu eso\u0161o p\u016bt\u012b\u0161u dz\u012b\u0161anas procesu un nov\u0113rstu jaunu ra\u0161anos. Galven\u0101s produkta akt\u012bv\u0101s sast\u0101vda\u013cas ir t\u0113jas koka e\u013c\u013ca, pantenols un alanto\u012bns. T\u0113jas koka e\u013c\u013cai piem\u012bt sp\u0113c\u012bga pretmikrobu iedarb\u012bba, t\u0101 \u017e\u016bst un mazina jau [&hellip;]\" \/>\n<meta property=\"og:url\" content=\"https:\/\/www.facecorner.lv\/en\/shop\/some-by-mi-30-days-miracle-tea-tree-clear-spot-oil-10ml\/\" \/>\n<meta property=\"og:site_name\" content=\"FACECORNER\" \/>\n<meta property=\"article:publisher\" content=\"https:\/\/www.facebook.com\/profile.php?id=100063824551839\" \/>\n<meta property=\"article:modified_time\" content=\"2023-09-30T09:01:26+00:00\" \/>\n<meta property=\"og:image\" content=\"https:\/\/www.facecorner.lv\/wp-content\/uploads\/2023\/04\/somebymispotoil_1.jpg.webp\" \/>\n\t<meta property=\"og:image:width\" content=\"1000\" \/>\n\t<meta property=\"og:image:height\" content=\"1000\" \/>\n\t<meta property=\"og:image:type\" content=\"image\/webp\" \/>\n<meta name=\"twitter:card\" content=\"summary_large_image\" \/>\n<meta name=\"twitter:label1\" content=\"Price\" \/>\n\t<meta name=\"twitter:data1\" content=\"&euro;13.00\" \/>\n\t<meta name=\"twitter:label2\" content=\"Availability\" \/>\n\t<meta name=\"twitter:data2\" content=\"Out of stock\" \/>\n<script type=\"application\/ld+json\" class=\"yoast-schema-graph\">{\"@context\":\"https:\\\/\\\/schema.org\",\"@graph\":[{\"@type\":\"WebPage\",\"@id\":\"https:\\\/\\\/www.facecorner.lv\\\/shop\\\/some-by-mi-30-days-miracle-tea-tree-clear-spot-oil-10ml\\\/\",\"url\":\"https:\\\/\\\/www.facecorner.lv\\\/shop\\\/some-by-mi-30-days-miracle-tea-tree-clear-spot-oil-10ml\\\/\",\"name\":\"SOME BY MI 30 days Miracle Tea Tree Clear Spot Oil 10ml - FACECORNER\",\"isPartOf\":{\"@id\":\"https:\\\/\\\/www.facecorner.lv\\\/#website\"},\"primaryImageOfPage\":{\"@id\":\"https:\\\/\\\/www.facecorner.lv\\\/shop\\\/some-by-mi-30-days-miracle-tea-tree-clear-spot-oil-10ml\\\/#primaryimage\"},\"image\":{\"@id\":\"https:\\\/\\\/www.facecorner.lv\\\/shop\\\/some-by-mi-30-days-miracle-tea-tree-clear-spot-oil-10ml\\\/#primaryimage\"},\"thumbnailUrl\":\"https:\\\/\\\/www.facecorner.lv\\\/wp-content\\\/uploads\\\/2023\\\/04\\\/somebymispotoil_1.jpg.webp\",\"datePublished\":\"2023-04-14T12:53:19+00:00\",\"dateModified\":\"2023-09-30T09:01:26+00:00\",\"breadcrumb\":{\"@id\":\"https:\\\/\\\/www.facecorner.lv\\\/shop\\\/some-by-mi-30-days-miracle-tea-tree-clear-spot-oil-10ml\\\/#breadcrumb\"},\"inLanguage\":\"en-US\",\"potentialAction\":[{\"@type\":\"ReadAction\",\"target\":[\"https:\\\/\\\/www.facecorner.lv\\\/shop\\\/some-by-mi-30-days-miracle-tea-tree-clear-spot-oil-10ml\\\/\"]}]},{\"@type\":\"ImageObject\",\"inLanguage\":\"en-US\",\"@id\":\"https:\\\/\\\/www.facecorner.lv\\\/shop\\\/some-by-mi-30-days-miracle-tea-tree-clear-spot-oil-10ml\\\/#primaryimage\",\"url\":\"https:\\\/\\\/www.facecorner.lv\\\/wp-content\\\/uploads\\\/2023\\\/04\\\/somebymispotoil_1.jpg.webp\",\"contentUrl\":\"https:\\\/\\\/www.facecorner.lv\\\/wp-content\\\/uploads\\\/2023\\\/04\\\/somebymispotoil_1.jpg.webp\",\"width\":1000,\"height\":1000},{\"@type\":\"BreadcrumbList\",\"@id\":\"https:\\\/\\\/www.facecorner.lv\\\/shop\\\/some-by-mi-30-days-miracle-tea-tree-clear-spot-oil-10ml\\\/#breadcrumb\",\"itemListElement\":[{\"@type\":\"ListItem\",\"position\":1,\"name\":\"Home\",\"item\":\"https:\\\/\\\/www.facecorner.lv\\\/\"},{\"@type\":\"ListItem\",\"position\":2,\"name\":\"Veikals\",\"item\":\"https:\\\/\\\/www.facecorner.lv\\\/shop\\\/\"},{\"@type\":\"ListItem\",\"position\":3,\"name\":\"SOME BY MI 30 days Miracle Tea Tree Clear Spot Oil 10ml\"}]},{\"@type\":\"WebSite\",\"@id\":\"https:\\\/\\\/www.facecorner.lv\\\/#website\",\"url\":\"https:\\\/\\\/www.facecorner.lv\\\/\",\"name\":\"Facecorner\",\"description\":\"\",\"publisher\":{\"@id\":\"https:\\\/\\\/www.facecorner.lv\\\/#organization\"},\"potentialAction\":[{\"@type\":\"SearchAction\",\"target\":{\"@type\":\"EntryPoint\",\"urlTemplate\":\"https:\\\/\\\/www.facecorner.lv\\\/?s={search_term_string}\"},\"query-input\":{\"@type\":\"PropertyValueSpecification\",\"valueRequired\":true,\"valueName\":\"search_term_string\"}}],\"inLanguage\":\"en-US\"},{\"@type\":\"Organization\",\"@id\":\"https:\\\/\\\/www.facecorner.lv\\\/#organization\",\"name\":\"Facecorner\",\"url\":\"https:\\\/\\\/www.facecorner.lv\\\/\",\"logo\":{\"@type\":\"ImageObject\",\"inLanguage\":\"en-US\",\"@id\":\"https:\\\/\\\/www.facecorner.lv\\\/#\\\/schema\\\/logo\\\/image\\\/\",\"url\":\"https:\\\/\\\/www.facecorner.lv\\\/wp-content\\\/uploads\\\/2024\\\/04\\\/fc-logo.jpg\",\"contentUrl\":\"https:\\\/\\\/www.facecorner.lv\\\/wp-content\\\/uploads\\\/2024\\\/04\\\/fc-logo.jpg\",\"width\":174,\"height\":28,\"caption\":\"Facecorner\"},\"image\":{\"@id\":\"https:\\\/\\\/www.facecorner.lv\\\/#\\\/schema\\\/logo\\\/image\\\/\"},\"sameAs\":[\"https:\\\/\\\/www.facebook.com\\\/profile.php?id=100063824551839\",\"https:\\\/\\\/www.instagram.com\\\/facecorner_shop\\\/\"]}]}<\/script>\n<meta property=\"product:price:amount\" content=\"13.00\" \/>\n<meta property=\"product:price:currency\" content=\"EUR\" \/>\n<meta property=\"og:availability\" content=\"out of stock\" \/>\n<meta property=\"product:availability\" content=\"out of stock\" \/>\n<meta property=\"product:condition\" content=\"new\" \/>\n<!-- \/ Yoast SEO plugin. -->","yoast_head_json":{"title":"SOME BY MI 30 days Miracle Tea Tree Clear Spot Oil 10ml - FACECORNER","robots":{"index":"index","follow":"follow","max-snippet":"max-snippet:-1","max-image-preview":"max-image-preview:large","max-video-preview":"max-video-preview:-1"},"canonical":"https:\/\/www.facecorner.lv\/en\/shop\/some-by-mi-30-days-miracle-tea-tree-clear-spot-oil-10ml\/","og_locale":"en_US","og_type":"article","og_title":"SOME BY MI 30 days Miracle Tea Tree Clear Spot Oil 10ml - FACECORNER","og_description":"Some By Mi&#8217;s 30 Days Miracle Tea Tree Clear Spot Oil ir paredz\u0113ta lok\u0101lai uzkl\u0101\u0161anai uz boj\u0101tas un iekaisu\u0161as \u0101das, lai mazin\u0101tu niezi, pa\u0101trin\u0101tu eso\u0161o p\u016bt\u012b\u0161u dz\u012b\u0161anas procesu un nov\u0113rstu jaunu ra\u0161anos. Galven\u0101s produkta akt\u012bv\u0101s sast\u0101vda\u013cas ir t\u0113jas koka e\u013c\u013ca, pantenols un alanto\u012bns. T\u0113jas koka e\u013c\u013cai piem\u012bt sp\u0113c\u012bga pretmikrobu iedarb\u012bba, t\u0101 \u017e\u016bst un mazina jau [&hellip;]","og_url":"https:\/\/www.facecorner.lv\/en\/shop\/some-by-mi-30-days-miracle-tea-tree-clear-spot-oil-10ml\/","og_site_name":"FACECORNER","article_publisher":"https:\/\/www.facebook.com\/profile.php?id=100063824551839","article_modified_time":"2023-09-30T09:01:26+00:00","og_image":[{"width":1000,"height":1000,"url":"https:\/\/www.facecorner.lv\/wp-content\/uploads\/2023\/04\/somebymispotoil_1.jpg.webp","type":"image\/webp"}],"twitter_card":"summary_large_image","twitter_misc":{"Price":"&euro;13.00","Availability":"Out of stock"},"schema":{"@context":"https:\/\/schema.org","@graph":[{"@type":"WebPage","@id":"https:\/\/www.facecorner.lv\/shop\/some-by-mi-30-days-miracle-tea-tree-clear-spot-oil-10ml\/","url":"https:\/\/www.facecorner.lv\/shop\/some-by-mi-30-days-miracle-tea-tree-clear-spot-oil-10ml\/","name":"SOME BY MI 30 days Miracle Tea Tree Clear Spot Oil 10ml - FACECORNER","isPartOf":{"@id":"https:\/\/www.facecorner.lv\/#website"},"primaryImageOfPage":{"@id":"https:\/\/www.facecorner.lv\/shop\/some-by-mi-30-days-miracle-tea-tree-clear-spot-oil-10ml\/#primaryimage"},"image":{"@id":"https:\/\/www.facecorner.lv\/shop\/some-by-mi-30-days-miracle-tea-tree-clear-spot-oil-10ml\/#primaryimage"},"thumbnailUrl":"https:\/\/www.facecorner.lv\/wp-content\/uploads\/2023\/04\/somebymispotoil_1.jpg.webp","datePublished":"2023-04-14T12:53:19+00:00","dateModified":"2023-09-30T09:01:26+00:00","breadcrumb":{"@id":"https:\/\/www.facecorner.lv\/shop\/some-by-mi-30-days-miracle-tea-tree-clear-spot-oil-10ml\/#breadcrumb"},"inLanguage":"en-US","potentialAction":[{"@type":"ReadAction","target":["https:\/\/www.facecorner.lv\/shop\/some-by-mi-30-days-miracle-tea-tree-clear-spot-oil-10ml\/"]}]},{"@type":"ImageObject","inLanguage":"en-US","@id":"https:\/\/www.facecorner.lv\/shop\/some-by-mi-30-days-miracle-tea-tree-clear-spot-oil-10ml\/#primaryimage","url":"https:\/\/www.facecorner.lv\/wp-content\/uploads\/2023\/04\/somebymispotoil_1.jpg.webp","contentUrl":"https:\/\/www.facecorner.lv\/wp-content\/uploads\/2023\/04\/somebymispotoil_1.jpg.webp","width":1000,"height":1000},{"@type":"BreadcrumbList","@id":"https:\/\/www.facecorner.lv\/shop\/some-by-mi-30-days-miracle-tea-tree-clear-spot-oil-10ml\/#breadcrumb","itemListElement":[{"@type":"ListItem","position":1,"name":"Home","item":"https:\/\/www.facecorner.lv\/"},{"@type":"ListItem","position":2,"name":"Veikals","item":"https:\/\/www.facecorner.lv\/shop\/"},{"@type":"ListItem","position":3,"name":"SOME BY MI 30 days Miracle Tea Tree Clear Spot Oil 10ml"}]},{"@type":"WebSite","@id":"https:\/\/www.facecorner.lv\/#website","url":"https:\/\/www.facecorner.lv\/","name":"Facecorner","description":"","publisher":{"@id":"https:\/\/www.facecorner.lv\/#organization"},"potentialAction":[{"@type":"SearchAction","target":{"@type":"EntryPoint","urlTemplate":"https:\/\/www.facecorner.lv\/?s={search_term_string}"},"query-input":{"@type":"PropertyValueSpecification","valueRequired":true,"valueName":"search_term_string"}}],"inLanguage":"en-US"},{"@type":"Organization","@id":"https:\/\/www.facecorner.lv\/#organization","name":"Facecorner","url":"https:\/\/www.facecorner.lv\/","logo":{"@type":"ImageObject","inLanguage":"en-US","@id":"https:\/\/www.facecorner.lv\/#\/schema\/logo\/image\/","url":"https:\/\/www.facecorner.lv\/wp-content\/uploads\/2024\/04\/fc-logo.jpg","contentUrl":"https:\/\/www.facecorner.lv\/wp-content\/uploads\/2024\/04\/fc-logo.jpg","width":174,"height":28,"caption":"Facecorner"},"image":{"@id":"https:\/\/www.facecorner.lv\/#\/schema\/logo\/image\/"},"sameAs":["https:\/\/www.facebook.com\/profile.php?id=100063824551839","https:\/\/www.instagram.com\/facecorner_shop\/"]}]},"product_price_amount":"13.00","product_price_currency":"EUR","og_availability":"out of stock","product_availability":"out of stock","product_condition":"new"},"_links":{"self":[{"href":"https:\/\/www.facecorner.lv\/en\/wp-json\/wp\/v2\/product\/10062","targetHints":{"allow":["GET"]}}],"collection":[{"href":"https:\/\/www.facecorner.lv\/en\/wp-json\/wp\/v2\/product"}],"about":[{"href":"https:\/\/www.facecorner.lv\/en\/wp-json\/wp\/v2\/types\/product"}],"replies":[{"embeddable":true,"href":"https:\/\/www.facecorner.lv\/en\/wp-json\/wp\/v2\/comments?post=10062"}],"wp:featuredmedia":[{"embeddable":true,"href":"https:\/\/www.facecorner.lv\/en\/wp-json\/wp\/v2\/media\/10063"}],"wp:attachment":[{"href":"https:\/\/www.facecorner.lv\/en\/wp-json\/wp\/v2\/media?parent=10062"}],"wp:term":[{"taxonomy":"product_brand","embeddable":true,"href":"https:\/\/www.facecorner.lv\/en\/wp-json\/wp\/v2\/product_brand?post=10062"},{"taxonomy":"product_cat","embeddable":true,"href":"https:\/\/www.facecorner.lv\/en\/wp-json\/wp\/v2\/product_cat?post=10062"},{"taxonomy":"product_tag","embeddable":true,"href":"https:\/\/www.facecorner.lv\/en\/wp-json\/wp\/v2\/product_tag?post=10062"},{"taxonomy":"berocket_brand","embeddable":true,"href":"https:\/\/www.facecorner.lv\/en\/wp-json\/wp\/v2\/berocket_brand?post=10062"}],"curies":[{"name":"wp","href":"https:\/\/api.w.org\/{rel}","templated":true}]}}