{"id":3,"date":"2023-03-14T19:13:29","date_gmt":"2023-03-14T17:13:29","guid":{"rendered":"https:\/\/dev.ligums.lv\/facecorner\/?page_id=3"},"modified":"2024-11-24T19:53:19","modified_gmt":"2024-11-24T16:53:19","slug":"privatuma-politika","status":"publish","type":"page","link":"https:\/\/www.facecorner.lv\/en\/privatuma-politika\/","title":{"rendered":"Privacy Policy"},"content":{"rendered":"<div data-elementor-type=\"wp-page\" data-elementor-id=\"3\" class=\"elementor elementor-3\">\n\t\t\t\t\t\t<section class=\"elementor-section elementor-top-section elementor-element elementor-element-14b2f575 elementor-section-boxed elementor-section-height-default elementor-section-height-default\" data-id=\"14b2f575\" data-element_type=\"section\" data-e-type=\"section\">\n\t\t\t\t\t\t<div class=\"elementor-container elementor-column-gap-default\">\n\t\t\t\t\t<div class=\"elementor-column elementor-col-100 elementor-top-column elementor-element elementor-element-420d6b48\" data-id=\"420d6b48\" data-element_type=\"column\" data-e-type=\"column\">\n\t\t\t<div class=\"elementor-widget-wrap elementor-element-populated\">\n\t\t\t\t\t\t<div class=\"elementor-element elementor-element-1bc90112 elementor-widget elementor-widget-text-editor\" data-id=\"1bc90112\" data-element_type=\"widget\" data-e-type=\"widget\" data-widget_type=\"text-editor.default\">\n\t\t\t\t<div class=\"elementor-widget-container\">\n\t\t\t\t\t\t\t\t\t<p><\/p>\n<p>DATU P\u0100RVALD\u012aBA<br>1.1 \u0160\u012b politika attiecas uz darb\u012bb\u0101m Viktoria Ma\u013cinauska t\u012bmek\u013ca vietn\u0113 un soci\u0101lo t\u012bklu platform\u0101s. Par j\u016bsu personas datu p\u0101rvald\u012bbu atbild Viktorija Ma\u013cinauska ar re\u0123istr\u0101cijas numuru LV28099310409<\/p>\n<p>contact information<\/p>\n<p>Adrese: L\u0101\u010dpl\u0113\u0161a iela 52, LV1011<\/p>\n<p>T\u0101lrunis: (+371)27179264<\/p>\n<p>E-pasts: info@facecorner.lv<\/p>\n<p>PERSONAS DATU V\u0100K\u0160ANA<br>2.1. Komunik\u0101cijas dati: m\u0113s apkopojam datus, ko j\u016bs sniedzat sazi\u0146as laik\u0101, piem\u0113ram, e-pastos vai zi\u0146\u0101s soci\u0101lajos t\u012bklos. Tie ietver j\u016bsu kontaktinform\u0101ciju, sarakstes saturu un, attiec\u012bgajos gad\u012bjumos, soci\u0101lo t\u012bklu profila inform\u0101ciju.<\/p>\n<p>2.2. Dar\u012bjumu dati: pakalpojumu snieg\u0161anas nol\u016bk\u0101 apkopojam nepiecie\u0161amo inform\u0101ciju, piem\u0113ram, j\u016bsu v\u0101rdu, kontaktinform\u0101ciju un maks\u0101jumu datus.<\/p>\n<p>DATU APSTR\u0100DES NOL\u016aKI UN LIKUM\u012aGUMS<br>3.1. M\u016bsu apstr\u0101des darb\u012bbas atbilst Visp\u0101r\u012bg\u0101s datu aizsardz\u012bbas regulas un Latvijas ties\u012bbu aktu pras\u012bb\u0101m.<\/p>\n<p>3.2. Sazi\u0146a un piepras\u012bjumu apstr\u0101de: apstr\u0101d\u0101jam j\u016bsu datus, lai atbild\u0113tu uz j\u016bsu piepras\u012bjumiem, pamatojoties uz m\u016bsu likum\u012bgaj\u0101m interes\u0113m.<\/p>\n<p>3.3. Pakalpojumu snieg\u0161ana: ieg\u0101d\u0101joties Preci no Facecorner.lv, datu apstr\u0101de ir nepiecie\u0161ama, lai izpild\u012btu l\u012bgumu starp jums un Viktorija Ma\u013cinauska.<\/p>\n<p>DATU GLAB\u0100\u0160ANA UN P\u0100RS\u016aT\u012a\u0160ANA<br>4.1. M\u0113s glab\u0101jam personas datus l\u012bdz apstr\u0101des m\u0113r\u0137a sasnieg\u0161anai, parasti 1 gadu p\u0113c datu v\u0101k\u0161anas, ja vien ties\u012bbu aktos nav noteikts cit\u0101di. P\u0113c \u0161\u012b perioda dati tiek dro\u0161\u0101 veid\u0101 dz\u0113sti. M\u0113s nenododam datus \u0101rpus Eiropas Ekonomikas zonas.<\/p>\n<p>S\u012aKDAT\u0145U IZMANTO\u0160ANA<br>5.1. S\u012bkdatnes (cookies) ir nelieli faili, kas tiek saglab\u0101ti j\u016bsu ier\u012bc\u0113, lai uzlabotu vietnes funkcionalit\u0101ti. T\u0101s saglab\u0101jas 8 m\u0113ne\u0161us kop\u0161 j\u016bsu p\u0113d\u0113j\u0101 apmekl\u0113juma, un t\u0101s var p\u0101rvald\u012bt, izmantojot p\u0101rl\u016bkprogrammas iestat\u012bjumus.<br><\/p>\t\t\t\t\t\t\t\t<\/div>\n\t\t\t\t<\/div>\n\t\t\t\t\t<\/div>\n\t\t<\/div>\n\t\t\t\t\t<\/div>\n\t\t<\/section>\n\t\t\t\t<\/div>","protected":false},"excerpt":{"rendered":"<p>DATU P\u0100RVALD\u012aBA1.1 \u0160\u012b politika attiecas uz darb\u012bb\u0101m Viktoria Ma\u013cinauska t\u012bmek\u013ca vietn\u0113 un soci\u0101lo t\u012bklu platform\u0101s. Par j\u016bsu personas datu p\u0101rvald\u012bbu atbild Viktorija Ma\u013cinauska ar re\u0123istr\u0101cijas numuru LV28099310409 Kontaktinform\u0101cija Adrese: L\u0101\u010dpl\u0113\u0161a iela 52, LV1011 T\u0101lrunis: (+371)27179264 E-pasts: info@facecorner.lv PERSONAS DATU V\u0100K\u0160ANA2.1. Komunik\u0101cijas dati: m\u0113s apkopojam datus, ko j\u016bs sniedzat sazi\u0146as laik\u0101, piem\u0113ram, e-pastos vai zi\u0146\u0101s soci\u0101lajos [&hellip;]<\/p>\n","protected":false},"author":1,"featured_media":0,"parent":0,"menu_order":0,"comment_status":"closed","ping_status":"open","template":"","meta":{"site-sidebar-layout":"default","site-content-layout":"","ast-site-content-layout":"default","site-content-style":"default","site-sidebar-style":"default","ast-global-header-display":"","ast-banner-title-visibility":"","ast-main-header-display":"","ast-hfb-above-header-display":"","ast-hfb-below-header-display":"","ast-hfb-mobile-header-display":"","site-post-title":"","ast-breadcrumbs-content":"","ast-featured-img":"","footer-sml-layout":"","theme-transparent-header-meta":"","adv-header-id-meta":"","stick-header-meta":"","header-above-stick-meta":"","header-main-stick-meta":"","header-below-stick-meta":"","astra-migrate-meta-layouts":"set","ast-page-background-enabled":"default","ast-page-background-meta":{"desktop":{"background-color":"var(--ast-global-color-4)","background-image":"","background-repeat":"repeat","background-position":"center center","background-size":"auto","background-attachment":"scroll","background-type":"","background-media":"","overlay-type":"","overlay-color":"","overlay-opacity":"","overlay-gradient":""},"tablet":{"background-color":"","background-image":"","background-repeat":"repeat","background-position":"center center","background-size":"auto","background-attachment":"scroll","background-type":"","background-media":"","overlay-type":"","overlay-color":"","overlay-opacity":"","overlay-gradient":""},"mobile":{"background-color":"","background-image":"","background-repeat":"repeat","background-position":"center center","background-size":"auto","background-attachment":"scroll","background-type":"","background-media":"","overlay-type":"","overlay-color":"","overlay-opacity":"","overlay-gradient":""}},"ast-content-background-meta":{"desktop":{"background-color":"var(--ast-global-color-5)","background-image":"","background-repeat":"repeat","background-position":"center center","background-size":"auto","background-attachment":"scroll","background-type":"","background-media":"","overlay-type":"","overlay-color":"","overlay-opacity":"","overlay-gradient":""},"tablet":{"background-color":"var(--ast-global-color-5)","background-image":"","background-repeat":"repeat","background-position":"center center","background-size":"auto","background-attachment":"scroll","background-type":"","background-media":"","overlay-type":"","overlay-color":"","overlay-opacity":"","overlay-gradient":""},"mobile":{"background-color":"var(--ast-global-color-5)","background-image":"","background-repeat":"repeat","background-position":"center center","background-size":"auto","background-attachment":"scroll","background-type":"","background-media":"","overlay-type":"","overlay-color":"","overlay-opacity":"","overlay-gradient":""}},"footnotes":""},"class_list":["post-3","page","type-page","status-publish","hentry"],"yoast_head":"<!-- This site is optimized with the Yoast SEO plugin v27.4 - https:\/\/yoast.com\/product\/yoast-seo-wordpress\/ -->\n<title>Priv\u0101tuma politika - FACECORNER<\/title>\n<meta name=\"robots\" content=\"index, follow, max-snippet:-1, max-image-preview:large, max-video-preview:-1\" \/>\n<link rel=\"canonical\" href=\"https:\/\/www.facecorner.lv\/en\/privatuma-politika\/\" \/>\n<meta property=\"og:locale\" content=\"en_US\" \/>\n<meta property=\"og:type\" content=\"article\" \/>\n<meta property=\"og:title\" content=\"Priv\u0101tuma politika - FACECORNER\" \/>\n<meta property=\"og:description\" content=\"DATU P\u0100RVALD\u012aBA1.1 \u0160\u012b politika attiecas uz darb\u012bb\u0101m Viktoria Ma\u013cinauska t\u012bmek\u013ca vietn\u0113 un soci\u0101lo t\u012bklu platform\u0101s. Par j\u016bsu personas datu p\u0101rvald\u012bbu atbild Viktorija Ma\u013cinauska ar re\u0123istr\u0101cijas numuru LV28099310409 Kontaktinform\u0101cija Adrese: L\u0101\u010dpl\u0113\u0161a iela 52, LV1011 T\u0101lrunis: (+371)27179264 E-pasts: info@facecorner.lv PERSONAS DATU V\u0100K\u0160ANA2.1. Komunik\u0101cijas dati: m\u0113s apkopojam datus, ko j\u016bs sniedzat sazi\u0146as laik\u0101, piem\u0113ram, e-pastos vai zi\u0146\u0101s soci\u0101lajos [&hellip;]\" \/>\n<meta property=\"og:url\" content=\"https:\/\/www.facecorner.lv\/en\/privatuma-politika\/\" \/>\n<meta property=\"og:site_name\" content=\"FACECORNER\" \/>\n<meta property=\"article:publisher\" content=\"https:\/\/www.facebook.com\/profile.php?id=100063824551839\" \/>\n<meta property=\"article:modified_time\" content=\"2024-11-24T16:53:19+00:00\" \/>\n<meta name=\"twitter:card\" content=\"summary_large_image\" \/>\n<meta name=\"twitter:label1\" content=\"Est. reading time\" \/>\n\t<meta name=\"twitter:data1\" content=\"2 minutes\" \/>\n<script type=\"application\/ld+json\" class=\"yoast-schema-graph\">{\"@context\":\"https:\\\/\\\/schema.org\",\"@graph\":[{\"@type\":\"WebPage\",\"@id\":\"https:\\\/\\\/www.facecorner.lv\\\/privatuma-politika\\\/\",\"url\":\"https:\\\/\\\/www.facecorner.lv\\\/privatuma-politika\\\/\",\"name\":\"Priv\u0101tuma politika - FACECORNER\",\"isPartOf\":{\"@id\":\"https:\\\/\\\/www.facecorner.lv\\\/#website\"},\"datePublished\":\"2023-03-14T17:13:29+00:00\",\"dateModified\":\"2024-11-24T16:53:19+00:00\",\"breadcrumb\":{\"@id\":\"https:\\\/\\\/www.facecorner.lv\\\/privatuma-politika\\\/#breadcrumb\"},\"inLanguage\":\"en-US\",\"potentialAction\":[{\"@type\":\"ReadAction\",\"target\":[\"https:\\\/\\\/www.facecorner.lv\\\/privatuma-politika\\\/\"]}]},{\"@type\":\"BreadcrumbList\",\"@id\":\"https:\\\/\\\/www.facecorner.lv\\\/privatuma-politika\\\/#breadcrumb\",\"itemListElement\":[{\"@type\":\"ListItem\",\"position\":1,\"name\":\"Home\",\"item\":\"https:\\\/\\\/www.facecorner.lv\\\/\"},{\"@type\":\"ListItem\",\"position\":2,\"name\":\"Priv\u0101tuma politika\"}]},{\"@type\":\"WebSite\",\"@id\":\"https:\\\/\\\/www.facecorner.lv\\\/#website\",\"url\":\"https:\\\/\\\/www.facecorner.lv\\\/\",\"name\":\"Facecorner\",\"description\":\"\",\"publisher\":{\"@id\":\"https:\\\/\\\/www.facecorner.lv\\\/#organization\"},\"potentialAction\":[{\"@type\":\"SearchAction\",\"target\":{\"@type\":\"EntryPoint\",\"urlTemplate\":\"https:\\\/\\\/www.facecorner.lv\\\/?s={search_term_string}\"},\"query-input\":{\"@type\":\"PropertyValueSpecification\",\"valueRequired\":true,\"valueName\":\"search_term_string\"}}],\"inLanguage\":\"en-US\"},{\"@type\":\"Organization\",\"@id\":\"https:\\\/\\\/www.facecorner.lv\\\/#organization\",\"name\":\"Facecorner\",\"url\":\"https:\\\/\\\/www.facecorner.lv\\\/\",\"logo\":{\"@type\":\"ImageObject\",\"inLanguage\":\"en-US\",\"@id\":\"https:\\\/\\\/www.facecorner.lv\\\/#\\\/schema\\\/logo\\\/image\\\/\",\"url\":\"https:\\\/\\\/www.facecorner.lv\\\/wp-content\\\/uploads\\\/2024\\\/04\\\/fc-logo.jpg\",\"contentUrl\":\"https:\\\/\\\/www.facecorner.lv\\\/wp-content\\\/uploads\\\/2024\\\/04\\\/fc-logo.jpg\",\"width\":174,\"height\":28,\"caption\":\"Facecorner\"},\"image\":{\"@id\":\"https:\\\/\\\/www.facecorner.lv\\\/#\\\/schema\\\/logo\\\/image\\\/\"},\"sameAs\":[\"https:\\\/\\\/www.facebook.com\\\/profile.php?id=100063824551839\",\"https:\\\/\\\/www.instagram.com\\\/facecorner_shop\\\/\"]}]}<\/script>\n<!-- \/ Yoast SEO plugin. -->","yoast_head_json":{"title":"Priv\u0101tuma politika - FACECORNER","robots":{"index":"index","follow":"follow","max-snippet":"max-snippet:-1","max-image-preview":"max-image-preview:large","max-video-preview":"max-video-preview:-1"},"canonical":"https:\/\/www.facecorner.lv\/en\/privatuma-politika\/","og_locale":"en_US","og_type":"article","og_title":"Priv\u0101tuma politika - FACECORNER","og_description":"DATU P\u0100RVALD\u012aBA1.1 \u0160\u012b politika attiecas uz darb\u012bb\u0101m Viktoria Ma\u013cinauska t\u012bmek\u013ca vietn\u0113 un soci\u0101lo t\u012bklu platform\u0101s. Par j\u016bsu personas datu p\u0101rvald\u012bbu atbild Viktorija Ma\u013cinauska ar re\u0123istr\u0101cijas numuru LV28099310409 Kontaktinform\u0101cija Adrese: L\u0101\u010dpl\u0113\u0161a iela 52, LV1011 T\u0101lrunis: (+371)27179264 E-pasts: info@facecorner.lv PERSONAS DATU V\u0100K\u0160ANA2.1. Komunik\u0101cijas dati: m\u0113s apkopojam datus, ko j\u016bs sniedzat sazi\u0146as laik\u0101, piem\u0113ram, e-pastos vai zi\u0146\u0101s soci\u0101lajos [&hellip;]","og_url":"https:\/\/www.facecorner.lv\/en\/privatuma-politika\/","og_site_name":"FACECORNER","article_publisher":"https:\/\/www.facebook.com\/profile.php?id=100063824551839","article_modified_time":"2024-11-24T16:53:19+00:00","twitter_card":"summary_large_image","twitter_misc":{"Est. reading time":"2 minutes"},"schema":{"@context":"https:\/\/schema.org","@graph":[{"@type":"WebPage","@id":"https:\/\/www.facecorner.lv\/privatuma-politika\/","url":"https:\/\/www.facecorner.lv\/privatuma-politika\/","name":"Priv\u0101tuma politika - FACECORNER","isPartOf":{"@id":"https:\/\/www.facecorner.lv\/#website"},"datePublished":"2023-03-14T17:13:29+00:00","dateModified":"2024-11-24T16:53:19+00:00","breadcrumb":{"@id":"https:\/\/www.facecorner.lv\/privatuma-politika\/#breadcrumb"},"inLanguage":"en-US","potentialAction":[{"@type":"ReadAction","target":["https:\/\/www.facecorner.lv\/privatuma-politika\/"]}]},{"@type":"BreadcrumbList","@id":"https:\/\/www.facecorner.lv\/privatuma-politika\/#breadcrumb","itemListElement":[{"@type":"ListItem","position":1,"name":"Home","item":"https:\/\/www.facecorner.lv\/"},{"@type":"ListItem","position":2,"name":"Priv\u0101tuma politika"}]},{"@type":"WebSite","@id":"https:\/\/www.facecorner.lv\/#website","url":"https:\/\/www.facecorner.lv\/","name":"Facecorner","description":"","publisher":{"@id":"https:\/\/www.facecorner.lv\/#organization"},"potentialAction":[{"@type":"SearchAction","target":{"@type":"EntryPoint","urlTemplate":"https:\/\/www.facecorner.lv\/?s={search_term_string}"},"query-input":{"@type":"PropertyValueSpecification","valueRequired":true,"valueName":"search_term_string"}}],"inLanguage":"en-US"},{"@type":"Organization","@id":"https:\/\/www.facecorner.lv\/#organization","name":"Facecorner","url":"https:\/\/www.facecorner.lv\/","logo":{"@type":"ImageObject","inLanguage":"en-US","@id":"https:\/\/www.facecorner.lv\/#\/schema\/logo\/image\/","url":"https:\/\/www.facecorner.lv\/wp-content\/uploads\/2024\/04\/fc-logo.jpg","contentUrl":"https:\/\/www.facecorner.lv\/wp-content\/uploads\/2024\/04\/fc-logo.jpg","width":174,"height":28,"caption":"Facecorner"},"image":{"@id":"https:\/\/www.facecorner.lv\/#\/schema\/logo\/image\/"},"sameAs":["https:\/\/www.facebook.com\/profile.php?id=100063824551839","https:\/\/www.instagram.com\/facecorner_shop\/"]}]}},"rttpg_featured_image_url":null,"rttpg_author":{"display_name":"faceadm","author_link":"https:\/\/www.facecorner.lv\/en\/author\/faceadm\/"},"rttpg_comment":0,"rttpg_category":null,"rttpg_excerpt":"DATU P\u0100RVALD\u012aBA1.1 \u0160\u012b politika attiecas uz darb\u012bb\u0101m Viktoria Ma\u013cinauska t\u012bmek\u013ca vietn\u0113 un soci\u0101lo t\u012bklu platform\u0101s. Par j\u016bsu personas datu p\u0101rvald\u012bbu atbild Viktorija Ma\u013cinauska ar re\u0123istr\u0101cijas numuru LV28099310409 Kontaktinform\u0101cija Adrese: L\u0101\u010dpl\u0113\u0161a iela 52, LV1011 T\u0101lrunis: (+371)27179264 E-pasts: info@facecorner.lv PERSONAS DATU V\u0100K\u0160ANA2.1. Komunik\u0101cijas dati: m\u0113s apkopojam datus, ko j\u016bs sniedzat sazi\u0146as laik\u0101, piem\u0113ram, e-pastos vai zi\u0146\u0101s soci\u0101lajos&hellip;","_links":{"self":[{"href":"https:\/\/www.facecorner.lv\/en\/wp-json\/wp\/v2\/pages\/3","targetHints":{"allow":["GET"]}}],"collection":[{"href":"https:\/\/www.facecorner.lv\/en\/wp-json\/wp\/v2\/pages"}],"about":[{"href":"https:\/\/www.facecorner.lv\/en\/wp-json\/wp\/v2\/types\/page"}],"author":[{"embeddable":true,"href":"https:\/\/www.facecorner.lv\/en\/wp-json\/wp\/v2\/users\/1"}],"replies":[{"embeddable":true,"href":"https:\/\/www.facecorner.lv\/en\/wp-json\/wp\/v2\/comments?post=3"}],"version-history":[{"count":10,"href":"https:\/\/www.facecorner.lv\/en\/wp-json\/wp\/v2\/pages\/3\/revisions"}],"predecessor-version":[{"id":21887,"href":"https:\/\/www.facecorner.lv\/en\/wp-json\/wp\/v2\/pages\/3\/revisions\/21887"}],"wp:attachment":[{"href":"https:\/\/www.facecorner.lv\/en\/wp-json\/wp\/v2\/media?parent=3"}],"curies":[{"name":"wp","href":"https:\/\/api.w.org\/{rel}","templated":true}]}}