{"id":11,"date":"2023-03-14T19:28:25","date_gmt":"2023-03-14T17:28:25","guid":{"rendered":"https:\/\/dev.ligums.lv\/facecorner\/?page_id=11"},"modified":"2024-12-08T23:25:42","modified_gmt":"2024-12-08T20:25:42","slug":"piegade-un-apmaksa","status":"publish","type":"page","link":"https:\/\/www.facecorner.lv\/en\/piegade-un-apmaksa\/","title":{"rendered":"Shipping Policy"},"content":{"rendered":"<div data-elementor-type=\"wp-page\" data-elementor-id=\"11\" class=\"elementor elementor-11\">\n\t\t\t\t\t\t<section class=\"elementor-section elementor-top-section elementor-element elementor-element-17961931 elementor-section-boxed elementor-section-height-default elementor-section-height-default\" data-id=\"17961931\" data-element_type=\"section\" data-e-type=\"section\">\n\t\t\t\t\t\t<div class=\"elementor-container elementor-column-gap-default\">\n\t\t\t\t\t<div class=\"elementor-column elementor-col-100 elementor-top-column elementor-element elementor-element-6d9c6538\" data-id=\"6d9c6538\" data-element_type=\"column\" data-e-type=\"column\">\n\t\t\t<div class=\"elementor-widget-wrap elementor-element-populated\">\n\t\t\t\t\t\t<div class=\"elementor-element elementor-element-36007f23 elementor-widget elementor-widget-text-editor\" data-id=\"36007f23\" data-element_type=\"widget\" data-e-type=\"widget\" data-widget_type=\"text-editor.default\">\n\t\t\t\t<div class=\"elementor-widget-container\">\n\t\t\t\t\t\t\t\t\t<p><span style=\"text-decoration: underline;\"><strong>Apstr\u0101des laiks<\/strong><\/span>: pas\u016bt\u012bjumi parasti tiek apstr\u0101d\u0101ti 1-2 darba dienu laik\u0101.<br \/><span style=\"text-decoration: underline;\">Pieg\u0101de Latvijas robe\u017e\u0101s:<\/span> paredz\u0113ta 1-3 darba dienu laik\u0101 p\u0113c pas\u016bt\u012bjuma apstr\u0101des.<br \/><span style=\"text-decoration: underline;\">Pieg\u0101de uz \u0101rzem\u0113m:<\/span> pieg\u0101des laiks starptautiskiem s\u016bt\u012bjumiem var at\u0161\u0137irties, tom\u0113r parasti to pieg\u0101di veic 7-14 darba dienu laik\u0101.<\/p><p><span style=\"text-decoration: underline;\"><strong>Free delivery from EUR50 ( LV\/LT\/ET)<\/strong><\/span><br \/>Delivery by OMNIVA\/DPD<\/p><ul><li><h6>OMNIVA\/DPD pakom\u0101tu s\u016bt\u012b\u0161anas izmaksa ir EUR 3.63 \/2.78<\/h6><\/li><li><h6>OMNIVA\/DPD Igaunija s\u016bt\u012b\u0161anas izmaksa ir EUR 7.26\/4.84<\/h6><\/li><li><h6>OMNIVA\/DPD Lietuva s\u016bt\u012b\u0161anas izmaksa ir EUR 7.26\/4.84<\/h6><\/li><\/ul><p><span style=\"text-decoration: underline;\"><strong>S\u016bt\u012bjuma apstiprin\u0101jums:<\/strong><\/span> p\u0113c pas\u016bt\u012bjuma izs\u016bt\u012b\u0161anas j\u016bs sa\u0146emsiet apstiprin\u0101juma e-pastu ar s\u016bt\u012bjuma izseko\u0161anas numuru.<br \/><span style=\"text-decoration: underline;\"><strong>Izseko\u0161ana:<\/strong> <\/span>j\u016bs varat sekot l\u012bdzi sava s\u016bt\u012bjuma statusam, izmantojot nor\u0101d\u012bto izseko\u0161anas numuru p\u0101rvad\u0101t\u0101ja uz\u0146\u0113muma t\u012bmek\u013ca vietn\u0113.<\/p><p><span style=\"text-decoration: underline;\"><strong>Zi\u0146o\u0161ana par boj\u0101jumiem:<\/strong><\/span> ja sa\u0146emat boj\u0101tu s\u016bt\u012bjumu, l\u016bdzu, zi\u0146ojiet mums par to 7 dienu laik\u0101 p\u0113c sa\u0146em\u0161anas.<\/p><p><span style=\"text-decoration: underline;\"><strong>Izmai\u0146as:<\/strong><\/span> ja jums ir nepiecie\u0161ams main\u012bt pieg\u0101des adresi vai veikt izmai\u0146as pas\u016bt\u012bjum\u0101, l\u016bdzu, sazinieties ar mums p\u0113c iesp\u0113jas \u0101tr\u0101k.<\/p><p><span style=\"text-decoration: underline;\"><strong>Atcel\u0161ana:<\/strong> <\/span>pas\u016bt\u012bjumus var atcelt pirms to nos\u016bt\u012b\u0161anas. P\u0113c nos\u016bt\u012b\u0161anas pas\u016bt\u012bjumi tiks apstr\u0101d\u0101ti saska\u0146\u0101 ar m\u016bsu Pre\u010du atgrie\u0161anas un naudas atmaksas noteikumiem.<\/p><p>\u00a0<\/p><h6>If you have any questions or concerns about the delivery of goods, please contact us:<\/h6><p><strong>E-pasts:<\/strong> info@facecorner.lv<\/p><p><strong>T\u0101lrunis:<\/strong> (+371) 27179264<\/p><p><strong>Adrese:<\/strong> L\u0101\u010dpl\u0113\u0161a iela 52, LV1011<\/p>\t\t\t\t\t\t\t\t<\/div>\n\t\t\t\t<\/div>\n\t\t\t\t\t<\/div>\n\t\t<\/div>\n\t\t\t\t\t<\/div>\n\t\t<\/section>\n\t\t\t\t<\/div>","protected":false},"excerpt":{"rendered":"<p>Apstr\u0101des laiks: pas\u016bt\u012bjumi parasti tiek apstr\u0101d\u0101ti 1-2 darba dienu laik\u0101.Pieg\u0101de Latvijas robe\u017e\u0101s: paredz\u0113ta 1-3 darba dienu laik\u0101 p\u0113c pas\u016bt\u012bjuma apstr\u0101des.Pieg\u0101de uz \u0101rzem\u0113m: pieg\u0101des laiks starptautiskiem s\u016bt\u012bjumiem var at\u0161\u0137irties, tom\u0113r parasti to pieg\u0101di veic 7-14 darba dienu laik\u0101. Pas\u016bt\u012bjumiem virs EUR 50.00 (Latvij\u0101,Igaunij\u0101,Lietuv\u0101) s\u016bt\u012b\u0161ana ir bez maksas.Pre\u010du sa\u0146em\u0161ana ofis\u0101, L\u0101\u010dpl\u0161\u0113\u0161a iela 52 p\u0113c iepriek\u0161\u0113jas vieno\u0161an\u0101s. OMNIVA\/DPD [&hellip;]<\/p>\n","protected":false},"author":1,"featured_media":0,"parent":0,"menu_order":0,"comment_status":"closed","ping_status":"closed","template":"","meta":{"site-sidebar-layout":"default","site-content-layout":"","ast-site-content-layout":"","site-content-style":"default","site-sidebar-style":"default","ast-global-header-display":"","ast-banner-title-visibility":"","ast-main-header-display":"","ast-hfb-above-header-display":"","ast-hfb-below-header-display":"","ast-hfb-mobile-header-display":"","site-post-title":"","ast-breadcrumbs-content":"","ast-featured-img":"","footer-sml-layout":"","theme-transparent-header-meta":"","adv-header-id-meta":"","stick-header-meta":"","header-above-stick-meta":"","header-main-stick-meta":"","header-below-stick-meta":"","astra-migrate-meta-layouts":"default","ast-page-background-enabled":"default","ast-page-background-meta":{"desktop":{"background-color":"var(--ast-global-color-4)","background-image":"","background-repeat":"repeat","background-position":"center center","background-size":"auto","background-attachment":"scroll","background-type":"","background-media":"","overlay-type":"","overlay-color":"","overlay-opacity":"","overlay-gradient":""},"tablet":{"background-color":"","background-image":"","background-repeat":"repeat","background-position":"center center","background-size":"auto","background-attachment":"scroll","background-type":"","background-media":"","overlay-type":"","overlay-color":"","overlay-opacity":"","overlay-gradient":""},"mobile":{"background-color":"","background-image":"","background-repeat":"repeat","background-position":"center center","background-size":"auto","background-attachment":"scroll","background-type":"","background-media":"","overlay-type":"","overlay-color":"","overlay-opacity":"","overlay-gradient":""}},"ast-content-background-meta":{"desktop":{"background-color":"var(--ast-global-color-5)","background-image":"","background-repeat":"repeat","background-position":"center center","background-size":"auto","background-attachment":"scroll","background-type":"","background-media":"","overlay-type":"","overlay-color":"","overlay-opacity":"","overlay-gradient":""},"tablet":{"background-color":"var(--ast-global-color-5)","background-image":"","background-repeat":"repeat","background-position":"center center","background-size":"auto","background-attachment":"scroll","background-type":"","background-media":"","overlay-type":"","overlay-color":"","overlay-opacity":"","overlay-gradient":""},"mobile":{"background-color":"var(--ast-global-color-5)","background-image":"","background-repeat":"repeat","background-position":"center center","background-size":"auto","background-attachment":"scroll","background-type":"","background-media":"","overlay-type":"","overlay-color":"","overlay-opacity":"","overlay-gradient":""}},"footnotes":""},"class_list":["post-11","page","type-page","status-publish","hentry"],"yoast_head":"<!-- This site is optimized with the Yoast SEO plugin v27.4 - https:\/\/yoast.com\/product\/yoast-seo-wordpress\/ -->\n<title>Pieg\u0101de un apmaksa - FACECORNER<\/title>\n<meta name=\"description\" content=\"Pieg\u0101de un apmaksa Latvijas robe\u017e\u0101s paredz\u0113ta 3-5 darba dienu laik\u0101,starptautiskiem s\u016bt\u012bjumiem l\u012bdz 14 darba dienu laik\u0101.\" \/>\n<meta name=\"robots\" content=\"index, follow, max-snippet:-1, max-image-preview:large, max-video-preview:-1\" \/>\n<link rel=\"canonical\" href=\"https:\/\/www.facecorner.lv\/en\/piegade-un-apmaksa\/\" \/>\n<meta property=\"og:locale\" content=\"en_US\" \/>\n<meta property=\"og:type\" content=\"article\" \/>\n<meta property=\"og:title\" content=\"Pieg\u0101de un apmaksa - FACECORNER\" \/>\n<meta property=\"og:description\" content=\"Pieg\u0101de un apmaksa Latvijas robe\u017e\u0101s paredz\u0113ta 3-5 darba dienu laik\u0101,starptautiskiem s\u016bt\u012bjumiem l\u012bdz 14 darba dienu laik\u0101.\" \/>\n<meta property=\"og:url\" content=\"https:\/\/www.facecorner.lv\/en\/piegade-un-apmaksa\/\" \/>\n<meta property=\"og:site_name\" content=\"FACECORNER\" \/>\n<meta property=\"article:publisher\" content=\"https:\/\/www.facebook.com\/profile.php?id=100063824551839\" \/>\n<meta property=\"article:modified_time\" content=\"2024-12-08T20:25:42+00:00\" \/>\n<meta name=\"twitter:card\" content=\"summary_large_image\" \/>\n<meta name=\"twitter:label1\" content=\"Est. reading time\" \/>\n\t<meta name=\"twitter:data1\" content=\"2 minutes\" \/>\n<script type=\"application\/ld+json\" class=\"yoast-schema-graph\">{\"@context\":\"https:\\\/\\\/schema.org\",\"@graph\":[{\"@type\":\"WebPage\",\"@id\":\"https:\\\/\\\/www.facecorner.lv\\\/piegade-un-apmaksa\\\/\",\"url\":\"https:\\\/\\\/www.facecorner.lv\\\/piegade-un-apmaksa\\\/\",\"name\":\"Pieg\u0101de un apmaksa - FACECORNER\",\"isPartOf\":{\"@id\":\"https:\\\/\\\/www.facecorner.lv\\\/#website\"},\"datePublished\":\"2023-03-14T17:28:25+00:00\",\"dateModified\":\"2024-12-08T20:25:42+00:00\",\"description\":\"Pieg\u0101de un apmaksa Latvijas robe\u017e\u0101s paredz\u0113ta 3-5 darba dienu laik\u0101,starptautiskiem s\u016bt\u012bjumiem l\u012bdz 14 darba dienu laik\u0101.\",\"breadcrumb\":{\"@id\":\"https:\\\/\\\/www.facecorner.lv\\\/piegade-un-apmaksa\\\/#breadcrumb\"},\"inLanguage\":\"en-US\",\"potentialAction\":[{\"@type\":\"ReadAction\",\"target\":[\"https:\\\/\\\/www.facecorner.lv\\\/piegade-un-apmaksa\\\/\"]}]},{\"@type\":\"BreadcrumbList\",\"@id\":\"https:\\\/\\\/www.facecorner.lv\\\/piegade-un-apmaksa\\\/#breadcrumb\",\"itemListElement\":[{\"@type\":\"ListItem\",\"position\":1,\"name\":\"Home\",\"item\":\"https:\\\/\\\/www.facecorner.lv\\\/\"},{\"@type\":\"ListItem\",\"position\":2,\"name\":\"Pieg\u0101de un apmaksa\"}]},{\"@type\":\"WebSite\",\"@id\":\"https:\\\/\\\/www.facecorner.lv\\\/#website\",\"url\":\"https:\\\/\\\/www.facecorner.lv\\\/\",\"name\":\"Facecorner\",\"description\":\"\",\"publisher\":{\"@id\":\"https:\\\/\\\/www.facecorner.lv\\\/#organization\"},\"potentialAction\":[{\"@type\":\"SearchAction\",\"target\":{\"@type\":\"EntryPoint\",\"urlTemplate\":\"https:\\\/\\\/www.facecorner.lv\\\/?s={search_term_string}\"},\"query-input\":{\"@type\":\"PropertyValueSpecification\",\"valueRequired\":true,\"valueName\":\"search_term_string\"}}],\"inLanguage\":\"en-US\"},{\"@type\":\"Organization\",\"@id\":\"https:\\\/\\\/www.facecorner.lv\\\/#organization\",\"name\":\"Facecorner\",\"url\":\"https:\\\/\\\/www.facecorner.lv\\\/\",\"logo\":{\"@type\":\"ImageObject\",\"inLanguage\":\"en-US\",\"@id\":\"https:\\\/\\\/www.facecorner.lv\\\/#\\\/schema\\\/logo\\\/image\\\/\",\"url\":\"https:\\\/\\\/www.facecorner.lv\\\/wp-content\\\/uploads\\\/2024\\\/04\\\/fc-logo.jpg\",\"contentUrl\":\"https:\\\/\\\/www.facecorner.lv\\\/wp-content\\\/uploads\\\/2024\\\/04\\\/fc-logo.jpg\",\"width\":174,\"height\":28,\"caption\":\"Facecorner\"},\"image\":{\"@id\":\"https:\\\/\\\/www.facecorner.lv\\\/#\\\/schema\\\/logo\\\/image\\\/\"},\"sameAs\":[\"https:\\\/\\\/www.facebook.com\\\/profile.php?id=100063824551839\",\"https:\\\/\\\/www.instagram.com\\\/facecorner_shop\\\/\"]}]}<\/script>\n<!-- \/ Yoast SEO plugin. -->","yoast_head_json":{"title":"Pieg\u0101de un apmaksa - FACECORNER","description":"Pieg\u0101de un apmaksa Latvijas robe\u017e\u0101s paredz\u0113ta 3-5 darba dienu laik\u0101,starptautiskiem s\u016bt\u012bjumiem l\u012bdz 14 darba dienu laik\u0101.","robots":{"index":"index","follow":"follow","max-snippet":"max-snippet:-1","max-image-preview":"max-image-preview:large","max-video-preview":"max-video-preview:-1"},"canonical":"https:\/\/www.facecorner.lv\/en\/piegade-un-apmaksa\/","og_locale":"en_US","og_type":"article","og_title":"Pieg\u0101de un apmaksa - FACECORNER","og_description":"Pieg\u0101de un apmaksa Latvijas robe\u017e\u0101s paredz\u0113ta 3-5 darba dienu laik\u0101,starptautiskiem s\u016bt\u012bjumiem l\u012bdz 14 darba dienu laik\u0101.","og_url":"https:\/\/www.facecorner.lv\/en\/piegade-un-apmaksa\/","og_site_name":"FACECORNER","article_publisher":"https:\/\/www.facebook.com\/profile.php?id=100063824551839","article_modified_time":"2024-12-08T20:25:42+00:00","twitter_card":"summary_large_image","twitter_misc":{"Est. reading time":"2 minutes"},"schema":{"@context":"https:\/\/schema.org","@graph":[{"@type":"WebPage","@id":"https:\/\/www.facecorner.lv\/piegade-un-apmaksa\/","url":"https:\/\/www.facecorner.lv\/piegade-un-apmaksa\/","name":"Pieg\u0101de un apmaksa - FACECORNER","isPartOf":{"@id":"https:\/\/www.facecorner.lv\/#website"},"datePublished":"2023-03-14T17:28:25+00:00","dateModified":"2024-12-08T20:25:42+00:00","description":"Pieg\u0101de un apmaksa Latvijas robe\u017e\u0101s paredz\u0113ta 3-5 darba dienu laik\u0101,starptautiskiem s\u016bt\u012bjumiem l\u012bdz 14 darba dienu laik\u0101.","breadcrumb":{"@id":"https:\/\/www.facecorner.lv\/piegade-un-apmaksa\/#breadcrumb"},"inLanguage":"en-US","potentialAction":[{"@type":"ReadAction","target":["https:\/\/www.facecorner.lv\/piegade-un-apmaksa\/"]}]},{"@type":"BreadcrumbList","@id":"https:\/\/www.facecorner.lv\/piegade-un-apmaksa\/#breadcrumb","itemListElement":[{"@type":"ListItem","position":1,"name":"Home","item":"https:\/\/www.facecorner.lv\/"},{"@type":"ListItem","position":2,"name":"Pieg\u0101de un apmaksa"}]},{"@type":"WebSite","@id":"https:\/\/www.facecorner.lv\/#website","url":"https:\/\/www.facecorner.lv\/","name":"Facecorner","description":"","publisher":{"@id":"https:\/\/www.facecorner.lv\/#organization"},"potentialAction":[{"@type":"SearchAction","target":{"@type":"EntryPoint","urlTemplate":"https:\/\/www.facecorner.lv\/?s={search_term_string}"},"query-input":{"@type":"PropertyValueSpecification","valueRequired":true,"valueName":"search_term_string"}}],"inLanguage":"en-US"},{"@type":"Organization","@id":"https:\/\/www.facecorner.lv\/#organization","name":"Facecorner","url":"https:\/\/www.facecorner.lv\/","logo":{"@type":"ImageObject","inLanguage":"en-US","@id":"https:\/\/www.facecorner.lv\/#\/schema\/logo\/image\/","url":"https:\/\/www.facecorner.lv\/wp-content\/uploads\/2024\/04\/fc-logo.jpg","contentUrl":"https:\/\/www.facecorner.lv\/wp-content\/uploads\/2024\/04\/fc-logo.jpg","width":174,"height":28,"caption":"Facecorner"},"image":{"@id":"https:\/\/www.facecorner.lv\/#\/schema\/logo\/image\/"},"sameAs":["https:\/\/www.facebook.com\/profile.php?id=100063824551839","https:\/\/www.instagram.com\/facecorner_shop\/"]}]}},"rttpg_featured_image_url":null,"rttpg_author":{"display_name":"faceadm","author_link":"https:\/\/www.facecorner.lv\/en\/author\/faceadm\/"},"rttpg_comment":0,"rttpg_category":null,"rttpg_excerpt":"Apstr\u0101des laiks: pas\u016bt\u012bjumi parasti tiek apstr\u0101d\u0101ti 1-2 darba dienu laik\u0101.Pieg\u0101de Latvijas robe\u017e\u0101s: paredz\u0113ta 1-3 darba dienu laik\u0101 p\u0113c pas\u016bt\u012bjuma apstr\u0101des.Pieg\u0101de uz \u0101rzem\u0113m: pieg\u0101des laiks starptautiskiem s\u016bt\u012bjumiem var at\u0161\u0137irties, tom\u0113r parasti to pieg\u0101di veic 7-14 darba dienu laik\u0101. Pas\u016bt\u012bjumiem virs EUR 50.00 (Latvij\u0101,Igaunij\u0101,Lietuv\u0101) s\u016bt\u012b\u0161ana ir bez maksas.Pre\u010du sa\u0146em\u0161ana ofis\u0101, L\u0101\u010dpl\u0161\u0113\u0161a iela 52 p\u0113c iepriek\u0161\u0113jas vieno\u0161an\u0101s. OMNIVA\/DPD&hellip;","_links":{"self":[{"href":"https:\/\/www.facecorner.lv\/en\/wp-json\/wp\/v2\/pages\/11","targetHints":{"allow":["GET"]}}],"collection":[{"href":"https:\/\/www.facecorner.lv\/en\/wp-json\/wp\/v2\/pages"}],"about":[{"href":"https:\/\/www.facecorner.lv\/en\/wp-json\/wp\/v2\/types\/page"}],"author":[{"embeddable":true,"href":"https:\/\/www.facecorner.lv\/en\/wp-json\/wp\/v2\/users\/1"}],"replies":[{"embeddable":true,"href":"https:\/\/www.facecorner.lv\/en\/wp-json\/wp\/v2\/comments?post=11"}],"version-history":[{"count":21,"href":"https:\/\/www.facecorner.lv\/en\/wp-json\/wp\/v2\/pages\/11\/revisions"}],"predecessor-version":[{"id":22577,"href":"https:\/\/www.facecorner.lv\/en\/wp-json\/wp\/v2\/pages\/11\/revisions\/22577"}],"wp:attachment":[{"href":"https:\/\/www.facecorner.lv\/en\/wp-json\/wp\/v2\/media?parent=11"}],"curies":[{"name":"wp","href":"https:\/\/api.w.org\/{rel}","templated":true}]}}